{"id":64,"date":"2022-10-27T23:40:54","date_gmt":"2022-10-27T23:40:54","guid":{"rendered":"http:\/\/atelier-akchour.com\/?page_id=64"},"modified":"2026-03-25T10:25:34","modified_gmt":"2026-03-25T10:25:34","slug":"aboutme","status":"publish","type":"page","link":"https:\/\/atelier-akchour.com\/willkommen\/willkommen\/aboutme\/","title":{"rendered":"About me"},"content":{"rendered":"<div class=\"wp-block-image is-style-rounded\">\r\n<figure class=\"alignright size-large is-resized\"><img loading=\"lazy\" decoding=\"async\" width=\"768\" height=\"1024\" class=\"wp-image-65\" style=\"aspect-ratio: 0.75; width: 272px; height: auto;\" src=\"https:\/\/atelier-akchour.com\/wp-content\/uploads\/2022\/10\/kamel-2-768x1024.jpg\" alt=\"\" srcset=\"https:\/\/atelier-akchour.com\/wp-content\/uploads\/2022\/10\/kamel-2-768x1024.jpg 768w, https:\/\/atelier-akchour.com\/wp-content\/uploads\/2022\/10\/kamel-2-225x300.jpg 225w, https:\/\/atelier-akchour.com\/wp-content\/uploads\/2022\/10\/kamel-2-1152x1536.jpg 1152w, https:\/\/atelier-akchour.com\/wp-content\/uploads\/2022\/10\/kamel-2-1536x2048.jpg 1536w, https:\/\/atelier-akchour.com\/wp-content\/uploads\/2022\/10\/kamel-2-850x1133.jpg 850w, https:\/\/atelier-akchour.com\/wp-content\/uploads\/2022\/10\/kamel-2-scaled.jpg 1920w\" sizes=\"auto, (max-width: 768px) 100vw, 768px\" \/><\/figure>\r\n<\/div>\r\n\r\n\r\n<p>Hey, ich bin Nastasja und ich freue mich, wenn ich f\u00fcr Euch unvergessliche Momente mit meinen Fotografien festhalten darf. Die Erinnerung an unser Shooting soll Euch auch noch Jahre sp\u00e4ter ein L\u00e4cheln auf die Lippe zaubern.\u00a0 \u00a0<\/p>\r\n\r\n\r\n\r\n<p>Ich nehme mir viel Zeit f\u00fcr Euch und Eure W\u00fcnsche, so dass Ihr Euch v\u00f6llig stressfrei \u00fcber wundersch\u00f6ne Schnappsch\u00fcsse freuen k\u00f6nnt. \u00a0<\/p>\r\n\r\n\r\n\r\n<p>Bevor ich die Leidenschaft f\u00fcr\u2018s Fotografieren von Familien und Tieren nicht mehr unterdr\u00fccken konnte, war ich Journalistin und Pressefotografin, ich habe eine Zusatzausbildung als Social Media Managerin und davor Geschichte, Philosophie und Politik studiert.<\/p>\r\n\r\n\r\n\r\n<p>Doch irgendwann habe ich nur noch \u201ein Fotos gedacht\u201c. Ich konnte zum Beispiel nicht mehr irgendwo spazieren gehen, ohne zu denken \u201eDas ist ein toller Platz, um Fotos machen\u201c.\u00a0 Ganz schlimm wird es jedes Mal in diversen Gesch\u00e4ften\u2026dort gibt es ja sooo viele Accessoires f\u00fcr die Shootings\u2026.<\/p>\r\n\r\n\r\n<div class=\"wp-block-image is-style-rounded\">\r\n<figure class=\"alignleft size-large is-resized\"><img loading=\"lazy\" decoding=\"async\" width=\"768\" height=\"1024\" class=\"wp-image-13\" style=\"aspect-ratio: 0.75; width: 284px; height: auto;\" src=\"https:\/\/atelier-akchour.com\/wp-content\/uploads\/2022\/10\/D5E8C315-86E9-4F7E-9085-CE7C4704E254-768x1024.jpeg\" alt=\"\" srcset=\"https:\/\/atelier-akchour.com\/wp-content\/uploads\/2022\/10\/D5E8C315-86E9-4F7E-9085-CE7C4704E254-768x1024.jpeg 768w, https:\/\/atelier-akchour.com\/wp-content\/uploads\/2022\/10\/D5E8C315-86E9-4F7E-9085-CE7C4704E254-225x300.jpeg 225w, https:\/\/atelier-akchour.com\/wp-content\/uploads\/2022\/10\/D5E8C315-86E9-4F7E-9085-CE7C4704E254-1152x1536.jpeg 1152w, https:\/\/atelier-akchour.com\/wp-content\/uploads\/2022\/10\/D5E8C315-86E9-4F7E-9085-CE7C4704E254-1536x2048.jpeg 1536w, https:\/\/atelier-akchour.com\/wp-content\/uploads\/2022\/10\/D5E8C315-86E9-4F7E-9085-CE7C4704E254-850x1133.jpeg 850w, https:\/\/atelier-akchour.com\/wp-content\/uploads\/2022\/10\/D5E8C315-86E9-4F7E-9085-CE7C4704E254-scaled.jpeg 1920w\" sizes=\"auto, (max-width: 768px) 100vw, 768px\" \/><\/figure>\r\n<\/div>\r\n\r\n\r\n<p>Ansonsten liebe ich meinen marokkanischen Mann und meine vier Kinder\u2026.Sonnenunterg\u00e4nge am Strand\u2026das Meer\u2026und die morgendliche Tasse Kaffee\u2026mein B\u00fccherregal ist meine kleine Schatzkammer\u2026und zur Enstpannung greife ich gerne zu den Stricknadeln\u2026 meine Lieblingstiere sind Kamele\u2026aber bisher hat es bei uns nur zu einem Hund, Meerschweinchen und\u00a0einigen H\u00fchnern gereicht. Aber die sind auch ganz toll.<\/p>\r\n\r\n\r\n\r\n<div class=\"wp-block-spacer\" style=\"height: 100px;\" aria-hidden=\"true\">\u00a0<\/div>\r\n\r\n\r\n<hr class=\"wp-block-separator has-css-opacity is-style-default\" \/>\r\n\r\n\r\n<pre class=\"wp-block-verse\">\u00a0<\/pre>\r\n\r\n\r\n\r\n<p>&nbsp;<\/p>\r\n\r\n\r\n\r\n<div class=\"wp-block-buttons is-content-justification-center is-layout-flex wp-container-core-buttons-is-layout-16018d1d wp-block-buttons-is-layout-flex\">\r\n<div class=\"wp-block-button\"><a class=\"wp-block-button__link wp-element-button\" href=\"https:\/\/atelier-akchour.com\/willkommen\/willkommen\/portfolio\/\">Zum Portfolio<\/a><\/div>\r\n<\/div>\r\n\r\n\r\n\r\n<div class=\"wp-block-spacer\" style=\"height: 100px;\" aria-hidden=\"true\">\u00a0<\/div>\r\n\r\n\r\n<div class=\"wp-block-image is-style-rounded\">\r\n<figure class=\"alignright size-medium\"><img loading=\"lazy\" decoding=\"async\" width=\"300\" height=\"200\" class=\"wp-image-69\" src=\"https:\/\/atelier-akchour.com\/wp-content\/uploads\/2022\/10\/Hilde-300x200.jpg\" alt=\"Hilde\" srcset=\"https:\/\/atelier-akchour.com\/wp-content\/uploads\/2022\/10\/Hilde-300x200.jpg 300w, https:\/\/atelier-akchour.com\/wp-content\/uploads\/2022\/10\/Hilde-1024x683.jpg 1024w, https:\/\/atelier-akchour.com\/wp-content\/uploads\/2022\/10\/Hilde-768x512.jpg 768w, https:\/\/atelier-akchour.com\/wp-content\/uploads\/2022\/10\/Hilde-1536x1024.jpg 1536w, https:\/\/atelier-akchour.com\/wp-content\/uploads\/2022\/10\/Hilde-2048x1365.jpg 2048w, https:\/\/atelier-akchour.com\/wp-content\/uploads\/2022\/10\/Hilde-850x567.jpg 850w\" sizes=\"auto, (max-width: 300px) 100vw, 300px\" \/><\/figure>\r\n<\/div>","protected":false},"excerpt":{"rendered":"<p>Hey, ich bin Nastasja und ich freue mich, wenn ich f\u00fcr Euch unvergessliche Momente mit meinen Fotografien festhalten darf. Die Erinnerung an unser Shooting soll Euch auch noch Jahre sp\u00e4ter [&hellip;]<\/p>\n","protected":false},"author":1,"featured_media":0,"parent":33,"menu_order":0,"comment_status":"closed","ping_status":"closed","template":"","meta":{"_monsterinsights_skip_tracking":false,"_monsterinsights_sitenote_active":false,"_monsterinsights_sitenote_note":"","_monsterinsights_sitenote_category":0,"_uf_show_specific_survey":0,"_uf_disable_surveys":false,"footnotes":""},"class_list":["post-64","page","type-page","status-publish","hentry"],"aioseo_notices":[],"_links":{"self":[{"href":"https:\/\/atelier-akchour.com\/willkommen\/wp-json\/wp\/v2\/pages\/64","targetHints":{"allow":["GET"]}}],"collection":[{"href":"https:\/\/atelier-akchour.com\/willkommen\/wp-json\/wp\/v2\/pages"}],"about":[{"href":"https:\/\/atelier-akchour.com\/willkommen\/wp-json\/wp\/v2\/types\/page"}],"author":[{"embeddable":true,"href":"https:\/\/atelier-akchour.com\/willkommen\/wp-json\/wp\/v2\/users\/1"}],"replies":[{"embeddable":true,"href":"https:\/\/atelier-akchour.com\/willkommen\/wp-json\/wp\/v2\/comments?post=64"}],"version-history":[{"count":21,"href":"https:\/\/atelier-akchour.com\/willkommen\/wp-json\/wp\/v2\/pages\/64\/revisions"}],"predecessor-version":[{"id":5005,"href":"https:\/\/atelier-akchour.com\/willkommen\/wp-json\/wp\/v2\/pages\/64\/revisions\/5005"}],"up":[{"embeddable":true,"href":"https:\/\/atelier-akchour.com\/willkommen\/wp-json\/wp\/v2\/pages\/33"}],"wp:attachment":[{"href":"https:\/\/atelier-akchour.com\/willkommen\/wp-json\/wp\/v2\/media?parent=64"}],"curies":[{"name":"wp","href":"https:\/\/api.w.org\/{rel}","templated":true}]}}