{"id":316,"date":"2024-04-02T21:13:08","date_gmt":"2024-04-02T21:13:08","guid":{"rendered":"https:\/\/atelier-akchour.com\/?page_id=316"},"modified":"2026-03-25T10:23:02","modified_gmt":"2026-03-25T10:23:02","slug":"newborn","status":"publish","type":"page","link":"https:\/\/atelier-akchour.com\/willkommen\/willkommen\/portfolio\/newborn\/","title":{"rendered":"Newborn"},"content":{"rendered":"\r\n<figure class=\"wp-block-image size-large is-resized\"><img loading=\"lazy\" decoding=\"async\" width=\"1024\" height=\"683\" class=\"wp-image-157\" style=\"aspect-ratio: 1.499267935578331; width: 301px; height: auto;\" src=\"https:\/\/atelier-akchour.com\/wp-content\/uploads\/2023\/10\/IMG_6371-1024x683.jpg\" alt=\"Newborn Neugeborenen Fotografie Baby Lich Gie\u00dfen Butzbach\" srcset=\"https:\/\/atelier-akchour.com\/wp-content\/uploads\/2023\/10\/IMG_6371-1024x683.jpg 1024w, https:\/\/atelier-akchour.com\/wp-content\/uploads\/2023\/10\/IMG_6371-300x200.jpg 300w, https:\/\/atelier-akchour.com\/wp-content\/uploads\/2023\/10\/IMG_6371-768x512.jpg 768w, https:\/\/atelier-akchour.com\/wp-content\/uploads\/2023\/10\/IMG_6371-1536x1024.jpg 1536w, https:\/\/atelier-akchour.com\/wp-content\/uploads\/2023\/10\/IMG_6371-2048x1365.jpg 2048w, https:\/\/atelier-akchour.com\/wp-content\/uploads\/2023\/10\/IMG_6371-850x567.jpg 850w\" sizes=\"auto, (max-width: 1024px) 100vw, 1024px\" \/><\/figure>\r\n\r\n\r\n\r\n<p><strong>Das kleine Wunder ist endlich da!<\/strong><\/p>\r\n\r\n\r\n\r\n<p>Idealerweise machen wir die Fotos innerhalb der ersten 14 Tage. Im Studio stehen T\u00fccher zum Pucken, Kleidung und Accessoires f\u00fcr die Kleinen zur Verf\u00fcgung. Hier k\u00f6nnt ihr das Shooting buchen oder eure Fragen stellen: <a href=\"https:\/\/atelier-akchour.com\/kontakt\/\">Kontakt<\/a><\/p>\r\n\r\n\r\n\r\n<div class=\"wp-block-media-text is-stacked-on-mobile\">\r\n<figure class=\"wp-block-media-text__media\"><img loading=\"lazy\" decoding=\"async\" width=\"1024\" height=\"683\" class=\"wp-image-154 size-full\" src=\"https:\/\/atelier-akchour.com\/wp-content\/uploads\/2023\/10\/IMG_6636-1024x683.jpg\" alt=\"Newborn Neugeborenen Fotografie Baby Lich Gie\u00dfen Butzbach Boho\" srcset=\"https:\/\/atelier-akchour.com\/wp-content\/uploads\/2023\/10\/IMG_6636-1024x683.jpg 1024w, https:\/\/atelier-akchour.com\/wp-content\/uploads\/2023\/10\/IMG_6636-300x200.jpg 300w, https:\/\/atelier-akchour.com\/wp-content\/uploads\/2023\/10\/IMG_6636-768x512.jpg 768w, https:\/\/atelier-akchour.com\/wp-content\/uploads\/2023\/10\/IMG_6636-1536x1024.jpg 1536w, https:\/\/atelier-akchour.com\/wp-content\/uploads\/2023\/10\/IMG_6636-2048x1366.jpg 2048w, https:\/\/atelier-akchour.com\/wp-content\/uploads\/2023\/10\/IMG_6636-850x567.jpg 850w\" sizes=\"auto, (max-width: 1024px) 100vw, 1024px\" \/><\/figure>\r\n<div class=\"wp-block-media-text__content\">\r\n<p>&nbsp;<\/p>\r\n<\/div>\r\n<\/div>\r\n\r\n\r\n\r\n<figure class=\"wp-block-gallery has-nested-images columns-default is-cropped wp-block-gallery-1 is-layout-flex wp-block-gallery-is-layout-flex\">\r\n<figure class=\"wp-block-image size-large\"><img loading=\"lazy\" decoding=\"async\" width=\"1024\" height=\"683\" data-id=\"158\" class=\"wp-image-158\" src=\"https:\/\/atelier-akchour.com\/wp-content\/uploads\/2023\/10\/IMG_6460-1024x683.jpg\" alt=\"Newborn Neugeborenen Fotografie Baby Lich Gie\u00dfen Butzbach\" srcset=\"https:\/\/atelier-akchour.com\/wp-content\/uploads\/2023\/10\/IMG_6460-1024x683.jpg 1024w, https:\/\/atelier-akchour.com\/wp-content\/uploads\/2023\/10\/IMG_6460-300x200.jpg 300w, https:\/\/atelier-akchour.com\/wp-content\/uploads\/2023\/10\/IMG_6460-768x512.jpg 768w, https:\/\/atelier-akchour.com\/wp-content\/uploads\/2023\/10\/IMG_6460-1536x1024.jpg 1536w, https:\/\/atelier-akchour.com\/wp-content\/uploads\/2023\/10\/IMG_6460-2048x1365.jpg 2048w, https:\/\/atelier-akchour.com\/wp-content\/uploads\/2023\/10\/IMG_6460-850x567.jpg 850w\" sizes=\"auto, (max-width: 1024px) 100vw, 1024px\" \/><\/figure>\r\n\r\n\r\n\r\n<figure class=\"wp-block-image size-large\"><img loading=\"lazy\" decoding=\"async\" width=\"1024\" height=\"683\" data-id=\"156\" class=\"wp-image-156\" src=\"https:\/\/atelier-akchour.com\/wp-content\/uploads\/2023\/10\/IMG_6482-2-1024x683.jpg\" alt=\"Newborn Neugeborenen Fotografie Baby Lich Gie\u00dfen Butzbach\" srcset=\"https:\/\/atelier-akchour.com\/wp-content\/uploads\/2023\/10\/IMG_6482-2-1024x683.jpg 1024w, https:\/\/atelier-akchour.com\/wp-content\/uploads\/2023\/10\/IMG_6482-2-300x200.jpg 300w, https:\/\/atelier-akchour.com\/wp-content\/uploads\/2023\/10\/IMG_6482-2-768x512.jpg 768w, https:\/\/atelier-akchour.com\/wp-content\/uploads\/2023\/10\/IMG_6482-2-1536x1024.jpg 1536w, https:\/\/atelier-akchour.com\/wp-content\/uploads\/2023\/10\/IMG_6482-2-2048x1365.jpg 2048w, https:\/\/atelier-akchour.com\/wp-content\/uploads\/2023\/10\/IMG_6482-2-850x567.jpg 850w\" sizes=\"auto, (max-width: 1024px) 100vw, 1024px\" \/><\/figure>\r\n\r\n\r\n\r\n<figure class=\"wp-block-image size-large\"><img loading=\"lazy\" decoding=\"async\" width=\"1024\" height=\"695\" data-id=\"155\" class=\"wp-image-155\" src=\"https:\/\/atelier-akchour.com\/wp-content\/uploads\/2023\/10\/IMG_6767_2-1024x695.png\" alt=\"Newborn Neugeborenen Fotografie Baby Lich Gie\u00dfen Butzbach Boho\" srcset=\"https:\/\/atelier-akchour.com\/wp-content\/uploads\/2023\/10\/IMG_6767_2-1024x695.png 1024w, https:\/\/atelier-akchour.com\/wp-content\/uploads\/2023\/10\/IMG_6767_2-300x203.png 300w, https:\/\/atelier-akchour.com\/wp-content\/uploads\/2023\/10\/IMG_6767_2-768x521.png 768w, https:\/\/atelier-akchour.com\/wp-content\/uploads\/2023\/10\/IMG_6767_2-1536x1042.png 1536w, https:\/\/atelier-akchour.com\/wp-content\/uploads\/2023\/10\/IMG_6767_2-2048x1389.png 2048w, https:\/\/atelier-akchour.com\/wp-content\/uploads\/2023\/10\/IMG_6767_2-850x576.png 850w\" sizes=\"auto, (max-width: 1024px) 100vw, 1024px\" \/><\/figure>\r\n\r\n\r\n\r\n<figure class=\"wp-block-image size-large\"><img loading=\"lazy\" decoding=\"async\" width=\"1024\" height=\"683\" data-id=\"153\" class=\"wp-image-153\" src=\"https:\/\/atelier-akchour.com\/wp-content\/uploads\/2023\/10\/IMG_6785-2-1024x683.jpg\" alt=\"Newborn Neugeborenen Fotografie Baby Lich Gie\u00dfen Butzbach\" srcset=\"https:\/\/atelier-akchour.com\/wp-content\/uploads\/2023\/10\/IMG_6785-2-1024x683.jpg 1024w, https:\/\/atelier-akchour.com\/wp-content\/uploads\/2023\/10\/IMG_6785-2-300x200.jpg 300w, https:\/\/atelier-akchour.com\/wp-content\/uploads\/2023\/10\/IMG_6785-2-768x512.jpg 768w, https:\/\/atelier-akchour.com\/wp-content\/uploads\/2023\/10\/IMG_6785-2-1536x1024.jpg 1536w, https:\/\/atelier-akchour.com\/wp-content\/uploads\/2023\/10\/IMG_6785-2-2048x1365.jpg 2048w, https:\/\/atelier-akchour.com\/wp-content\/uploads\/2023\/10\/IMG_6785-2-850x567.jpg 850w\" sizes=\"auto, (max-width: 1024px) 100vw, 1024px\" \/><\/figure>\r\n\r\n\r\n\r\n<figure class=\"wp-block-image size-large\"><img loading=\"lazy\" decoding=\"async\" width=\"1024\" height=\"702\" data-id=\"159\" class=\"wp-image-159\" src=\"https:\/\/atelier-akchour.com\/wp-content\/uploads\/2023\/10\/IMG_6218-32-1024x702.jpg\" alt=\"Newborn Neugeborenen Fotografie Baby Lich Gie\u00dfen Butzbach\" srcset=\"https:\/\/atelier-akchour.com\/wp-content\/uploads\/2023\/10\/IMG_6218-32-1024x702.jpg 1024w, https:\/\/atelier-akchour.com\/wp-content\/uploads\/2023\/10\/IMG_6218-32-300x206.jpg 300w, https:\/\/atelier-akchour.com\/wp-content\/uploads\/2023\/10\/IMG_6218-32-768x526.jpg 768w, https:\/\/atelier-akchour.com\/wp-content\/uploads\/2023\/10\/IMG_6218-32-1536x1053.jpg 1536w, https:\/\/atelier-akchour.com\/wp-content\/uploads\/2023\/10\/IMG_6218-32-2048x1403.jpg 2048w, https:\/\/atelier-akchour.com\/wp-content\/uploads\/2023\/10\/IMG_6218-32-850x582.jpg 850w\" sizes=\"auto, (max-width: 1024px) 100vw, 1024px\" \/><\/figure>\r\n\r\n\r\n\r\n<figure class=\"wp-block-image size-large\"><img loading=\"lazy\" decoding=\"async\" width=\"1024\" height=\"683\" data-id=\"45\" class=\"wp-image-45\" src=\"https:\/\/atelier-akchour.com\/wp-content\/uploads\/2022\/10\/cropped-F4626EC2-7098-4DA7-9F9A-E5A77476FED4-scaled-2-1024x683.jpeg\" alt=\"Newborn Neugeborenen Fotografie Baby Lich Gie\u00dfen Butzbach\" srcset=\"https:\/\/atelier-akchour.com\/wp-content\/uploads\/2022\/10\/cropped-F4626EC2-7098-4DA7-9F9A-E5A77476FED4-scaled-2-1024x683.jpeg 1024w, https:\/\/atelier-akchour.com\/wp-content\/uploads\/2022\/10\/cropped-F4626EC2-7098-4DA7-9F9A-E5A77476FED4-scaled-2-300x200.jpeg 300w, https:\/\/atelier-akchour.com\/wp-content\/uploads\/2022\/10\/cropped-F4626EC2-7098-4DA7-9F9A-E5A77476FED4-scaled-2-768x512.jpeg 768w, https:\/\/atelier-akchour.com\/wp-content\/uploads\/2022\/10\/cropped-F4626EC2-7098-4DA7-9F9A-E5A77476FED4-scaled-2-1536x1024.jpeg 1536w, https:\/\/atelier-akchour.com\/wp-content\/uploads\/2022\/10\/cropped-F4626EC2-7098-4DA7-9F9A-E5A77476FED4-scaled-2-2048x1366.jpeg 2048w, https:\/\/atelier-akchour.com\/wp-content\/uploads\/2022\/10\/cropped-F4626EC2-7098-4DA7-9F9A-E5A77476FED4-scaled-2-1200x800.jpeg 1200w\" sizes=\"auto, (max-width: 1024px) 100vw, 1024px\" \/><\/figure>\r\n\r\n\r\n\r\n<figure class=\"wp-block-image size-large\"><img loading=\"lazy\" decoding=\"async\" width=\"1024\" height=\"683\" data-id=\"230\" class=\"wp-image-230\" src=\"https:\/\/atelier-akchour.com\/wp-content\/uploads\/2023\/10\/Baby-Newborn-Fotos-Lich-1024x683.jpeg\" alt=\"Newborn Neugeborenen Fotografie Baby Lich Gie\u00dfen Butzbach Boho\" srcset=\"https:\/\/atelier-akchour.com\/wp-content\/uploads\/2023\/10\/Baby-Newborn-Fotos-Lich-1024x683.jpeg 1024w, https:\/\/atelier-akchour.com\/wp-content\/uploads\/2023\/10\/Baby-Newborn-Fotos-Lich-300x200.jpeg 300w, https:\/\/atelier-akchour.com\/wp-content\/uploads\/2023\/10\/Baby-Newborn-Fotos-Lich-768x512.jpeg 768w, https:\/\/atelier-akchour.com\/wp-content\/uploads\/2023\/10\/Baby-Newborn-Fotos-Lich-1536x1024.jpeg 1536w, https:\/\/atelier-akchour.com\/wp-content\/uploads\/2023\/10\/Baby-Newborn-Fotos-Lich-2048x1365.jpeg 2048w, https:\/\/atelier-akchour.com\/wp-content\/uploads\/2023\/10\/Baby-Newborn-Fotos-Lich-850x567.jpeg 850w\" sizes=\"auto, (max-width: 1024px) 100vw, 1024px\" \/><\/figure>\r\n<\/figure>\r\n\r\n\r\n\r\n<p>&nbsp;<\/p>\r\n\r\n\r\n\r\n<div class=\"wp-block-buttons is-content-justification-center is-layout-flex wp-container-core-buttons-is-layout-16018d1d wp-block-buttons-is-layout-flex\">\r\n<div class=\"wp-block-button\"><a class=\"wp-block-button__link wp-element-button\" href=\"https:\/\/atelier-akchour.com\/kontakt\/\">Jetzt anfragen<\/a><\/div>\r\n<\/div>\r\n\r\n\r\n<hr class=\"wp-block-separator has-alpha-channel-opacity\" \/>\r\n\r\n\r\n<div class=\"wp-block-columns alignfull are-vertically-aligned-center is-layout-flex wp-container-core-columns-is-layout-9d6595d7 wp-block-columns-is-layout-flex\">\r\n<div class=\"wp-block-column is-vertically-aligned-center is-layout-flow wp-block-column-is-layout-flow\" style=\"padding: 1em;\">\r\n<div class=\"wp-block-columns is-layout-flex wp-container-core-columns-is-layout-9d6595d7 wp-block-columns-is-layout-flex\">\r\n<div class=\"wp-block-column is-layout-flow wp-block-column-is-layout-flow\" style=\"flex-basis: 320px;\">\r\n<h1 class=\"wp-block-heading has-text-align-left has-small-font-size\">MOTHERHOOD<\/h1>\r\n\r\n\r\n\r\n<ul class=\"wp-block-list\">\r\n<li>Nat\u00fcrlich verdienen es nicht nur die ersten 14 Tage mit deinem Baby festgehalten zu werden. Auch im gesamten ersten Jahr und weit dar\u00fcber hinaus schaffen Fotos von dir und deinem Kind wertvolle Erinnerungen an diese ganz besondere Zeit.\u00a0<\/li>\r\n<\/ul>\r\n<\/div>\r\n<\/div>\r\n<\/div>\r\n\r\n\r\n\r\n<div class=\"wp-block-column is-vertically-aligned-center is-layout-flow wp-block-column-is-layout-flow\" style=\"flex-basis: 50%;\">\r\n<div class=\"wp-block-cover is-light\" style=\"min-height: 600px;aspect-ratio:unset;\">\r\n<div class=\"wp-block-cover__inner-container is-layout-flow wp-block-cover-is-layout-flow\"><div class=\"wp-block-image\">\r\n<figure class=\"aligncenter size-large\"><img loading=\"lazy\" decoding=\"async\" width=\"576\" height=\"1024\" class=\"wp-image-337\" src=\"https:\/\/atelier-akchour.com\/wp-content\/uploads\/2024\/04\/3EF8B59B-10A5-4EA4-9143-454FC46EB0E2-576x1024.jpeg\" alt=\"\" srcset=\"https:\/\/atelier-akchour.com\/wp-content\/uploads\/2024\/04\/3EF8B59B-10A5-4EA4-9143-454FC46EB0E2-576x1024.jpeg 576w, https:\/\/atelier-akchour.com\/wp-content\/uploads\/2024\/04\/3EF8B59B-10A5-4EA4-9143-454FC46EB0E2-169x300.jpeg 169w, https:\/\/atelier-akchour.com\/wp-content\/uploads\/2024\/04\/3EF8B59B-10A5-4EA4-9143-454FC46EB0E2-768x1365.jpeg 768w, https:\/\/atelier-akchour.com\/wp-content\/uploads\/2024\/04\/3EF8B59B-10A5-4EA4-9143-454FC46EB0E2-864x1536.jpeg 864w, https:\/\/atelier-akchour.com\/wp-content\/uploads\/2024\/04\/3EF8B59B-10A5-4EA4-9143-454FC46EB0E2-1152x2048.jpeg 1152w, https:\/\/atelier-akchour.com\/wp-content\/uploads\/2024\/04\/3EF8B59B-10A5-4EA4-9143-454FC46EB0E2-850x1511.jpeg 850w, https:\/\/atelier-akchour.com\/wp-content\/uploads\/2024\/04\/3EF8B59B-10A5-4EA4-9143-454FC46EB0E2.jpeg 1170w\" sizes=\"auto, (max-width: 576px) 100vw, 576px\" \/><\/figure>\r\n<\/div><\/div>\r\n<\/div>\r\n<\/div>\r\n<\/div>\r\n\r\n\r\n\r\n<figure class=\"wp-block-gallery has-nested-images columns-default is-cropped wp-block-gallery-2 is-layout-flex wp-block-gallery-is-layout-flex\">\r\n<figure class=\"wp-block-image size-large\"><img loading=\"lazy\" decoding=\"async\" width=\"1024\" height=\"683\" data-id=\"569\" class=\"wp-image-569\" src=\"https:\/\/atelier-akchour.com\/wp-content\/uploads\/2024\/10\/IMG_9459-1024x683.jpeg\" alt=\"\" srcset=\"https:\/\/atelier-akchour.com\/wp-content\/uploads\/2024\/10\/IMG_9459-1024x683.jpeg 1024w, https:\/\/atelier-akchour.com\/wp-content\/uploads\/2024\/10\/IMG_9459-300x200.jpeg 300w, https:\/\/atelier-akchour.com\/wp-content\/uploads\/2024\/10\/IMG_9459-768x512.jpeg 768w, https:\/\/atelier-akchour.com\/wp-content\/uploads\/2024\/10\/IMG_9459-1536x1024.jpeg 1536w, https:\/\/atelier-akchour.com\/wp-content\/uploads\/2024\/10\/IMG_9459-850x567.jpeg 850w, https:\/\/atelier-akchour.com\/wp-content\/uploads\/2024\/10\/IMG_9459.jpeg 2048w\" sizes=\"auto, (max-width: 1024px) 100vw, 1024px\" \/><\/figure>\r\n\r\n\r\n\r\n<figure class=\"wp-block-image size-large\"><img loading=\"lazy\" decoding=\"async\" width=\"1024\" height=\"683\" data-id=\"564\" class=\"wp-image-564\" src=\"https:\/\/atelier-akchour.com\/wp-content\/uploads\/2024\/10\/IMG_9461-1024x683.jpeg\" alt=\"\" srcset=\"https:\/\/atelier-akchour.com\/wp-content\/uploads\/2024\/10\/IMG_9461-1024x683.jpeg 1024w, https:\/\/atelier-akchour.com\/wp-content\/uploads\/2024\/10\/IMG_9461-300x200.jpeg 300w, https:\/\/atelier-akchour.com\/wp-content\/uploads\/2024\/10\/IMG_9461-768x512.jpeg 768w, https:\/\/atelier-akchour.com\/wp-content\/uploads\/2024\/10\/IMG_9461-1536x1024.jpeg 1536w, https:\/\/atelier-akchour.com\/wp-content\/uploads\/2024\/10\/IMG_9461-850x567.jpeg 850w, https:\/\/atelier-akchour.com\/wp-content\/uploads\/2024\/10\/IMG_9461.jpeg 2048w\" sizes=\"auto, (max-width: 1024px) 100vw, 1024px\" \/><\/figure>\r\n\r\n\r\n\r\n<figure class=\"wp-block-image size-large\"><img loading=\"lazy\" decoding=\"async\" width=\"1024\" height=\"683\" data-id=\"567\" class=\"wp-image-567\" src=\"https:\/\/atelier-akchour.com\/wp-content\/uploads\/2024\/10\/IMG_9457-1024x683.jpeg\" alt=\"\" srcset=\"https:\/\/atelier-akchour.com\/wp-content\/uploads\/2024\/10\/IMG_9457-1024x683.jpeg 1024w, https:\/\/atelier-akchour.com\/wp-content\/uploads\/2024\/10\/IMG_9457-300x200.jpeg 300w, https:\/\/atelier-akchour.com\/wp-content\/uploads\/2024\/10\/IMG_9457-768x512.jpeg 768w, https:\/\/atelier-akchour.com\/wp-content\/uploads\/2024\/10\/IMG_9457-1536x1024.jpeg 1536w, https:\/\/atelier-akchour.com\/wp-content\/uploads\/2024\/10\/IMG_9457-850x567.jpeg 850w, https:\/\/atelier-akchour.com\/wp-content\/uploads\/2024\/10\/IMG_9457.jpeg 2048w\" sizes=\"auto, (max-width: 1024px) 100vw, 1024px\" \/><\/figure>\r\n\r\n\r\n\r\n<figure class=\"wp-block-image size-large\"><img loading=\"lazy\" decoding=\"async\" width=\"1024\" height=\"683\" data-id=\"565\" class=\"wp-image-565\" src=\"https:\/\/atelier-akchour.com\/wp-content\/uploads\/2024\/10\/IMG_9462-1024x683.jpeg\" alt=\"\" srcset=\"https:\/\/atelier-akchour.com\/wp-content\/uploads\/2024\/10\/IMG_9462-1024x683.jpeg 1024w, https:\/\/atelier-akchour.com\/wp-content\/uploads\/2024\/10\/IMG_9462-300x200.jpeg 300w, https:\/\/atelier-akchour.com\/wp-content\/uploads\/2024\/10\/IMG_9462-768x512.jpeg 768w, https:\/\/atelier-akchour.com\/wp-content\/uploads\/2024\/10\/IMG_9462-1536x1024.jpeg 1536w, https:\/\/atelier-akchour.com\/wp-content\/uploads\/2024\/10\/IMG_9462-850x567.jpeg 850w, https:\/\/atelier-akchour.com\/wp-content\/uploads\/2024\/10\/IMG_9462.jpeg 2048w\" sizes=\"auto, (max-width: 1024px) 100vw, 1024px\" \/><\/figure>\r\n\r\n\r\n\r\n<figure class=\"wp-block-image size-large\"><img loading=\"lazy\" decoding=\"async\" width=\"1024\" height=\"683\" data-id=\"568\" class=\"wp-image-568\" src=\"https:\/\/atelier-akchour.com\/wp-content\/uploads\/2024\/10\/IMG_9456-1024x683.jpeg\" alt=\"\" srcset=\"https:\/\/atelier-akchour.com\/wp-content\/uploads\/2024\/10\/IMG_9456-1024x683.jpeg 1024w, https:\/\/atelier-akchour.com\/wp-content\/uploads\/2024\/10\/IMG_9456-300x200.jpeg 300w, https:\/\/atelier-akchour.com\/wp-content\/uploads\/2024\/10\/IMG_9456-768x512.jpeg 768w, https:\/\/atelier-akchour.com\/wp-content\/uploads\/2024\/10\/IMG_9456-1536x1024.jpeg 1536w, https:\/\/atelier-akchour.com\/wp-content\/uploads\/2024\/10\/IMG_9456-850x567.jpeg 850w, https:\/\/atelier-akchour.com\/wp-content\/uploads\/2024\/10\/IMG_9456.jpeg 2048w\" sizes=\"auto, (max-width: 1024px) 100vw, 1024px\" \/><\/figure>\r\n\r\n\r\n\r\n<figure class=\"wp-block-image size-large\"><img loading=\"lazy\" decoding=\"async\" width=\"1024\" height=\"683\" data-id=\"566\" class=\"wp-image-566\" src=\"https:\/\/atelier-akchour.com\/wp-content\/uploads\/2024\/10\/IMG_9460-1024x683.jpeg\" alt=\"\" srcset=\"https:\/\/atelier-akchour.com\/wp-content\/uploads\/2024\/10\/IMG_9460-1024x683.jpeg 1024w, https:\/\/atelier-akchour.com\/wp-content\/uploads\/2024\/10\/IMG_9460-300x200.jpeg 300w, https:\/\/atelier-akchour.com\/wp-content\/uploads\/2024\/10\/IMG_9460-768x512.jpeg 768w, https:\/\/atelier-akchour.com\/wp-content\/uploads\/2024\/10\/IMG_9460-1536x1024.jpeg 1536w, https:\/\/atelier-akchour.com\/wp-content\/uploads\/2024\/10\/IMG_9460-850x567.jpeg 850w, https:\/\/atelier-akchour.com\/wp-content\/uploads\/2024\/10\/IMG_9460.jpeg 2048w\" sizes=\"auto, (max-width: 1024px) 100vw, 1024px\" \/><\/figure>\r\n\r\n\r\n\r\n<figure class=\"wp-block-image size-large\"><img loading=\"lazy\" decoding=\"async\" width=\"1024\" height=\"683\" data-id=\"571\" class=\"wp-image-571\" src=\"https:\/\/atelier-akchour.com\/wp-content\/uploads\/2024\/10\/IMG_9458-1024x683.jpeg\" alt=\"\" srcset=\"https:\/\/atelier-akchour.com\/wp-content\/uploads\/2024\/10\/IMG_9458-1024x683.jpeg 1024w, https:\/\/atelier-akchour.com\/wp-content\/uploads\/2024\/10\/IMG_9458-300x200.jpeg 300w, https:\/\/atelier-akchour.com\/wp-content\/uploads\/2024\/10\/IMG_9458-768x512.jpeg 768w, https:\/\/atelier-akchour.com\/wp-content\/uploads\/2024\/10\/IMG_9458-1536x1024.jpeg 1536w, https:\/\/atelier-akchour.com\/wp-content\/uploads\/2024\/10\/IMG_9458-850x567.jpeg 850w, https:\/\/atelier-akchour.com\/wp-content\/uploads\/2024\/10\/IMG_9458.jpeg 2048w\" sizes=\"auto, (max-width: 1024px) 100vw, 1024px\" \/><\/figure>\r\n<\/figure>\r\n\r\n\r\n<hr class=\"wp-block-separator has-alpha-channel-opacity\" \/>\r\n\r\n\r\n<p>Zur\u00fcck zum <strong><a href=\"https:\/\/atelier-akchour.com\/willkommen\/willkommen\/portfolio\/\">Portfolio<\/a><\/strong><\/p>\r\n","protected":false},"excerpt":{"rendered":"<p>Das kleine Wunder ist endlich da! Idealerweise machen wir die Fotos innerhalb der ersten 14 Tage. Im Studio stehen T\u00fccher zum Pucken, Kleidung und Accessoires f\u00fcr die Kleinen zur Verf\u00fcgung. [&hellip;]<\/p>\n","protected":false},"author":1,"featured_media":0,"parent":149,"menu_order":4,"comment_status":"closed","ping_status":"closed","template":"","meta":{"_monsterinsights_skip_tracking":false,"_monsterinsights_sitenote_active":false,"_monsterinsights_sitenote_note":"","_monsterinsights_sitenote_category":0,"_uf_show_specific_survey":0,"_uf_disable_surveys":false,"footnotes":""},"class_list":["post-316","page","type-page","status-publish","hentry"],"aioseo_notices":[],"_links":{"self":[{"href":"https:\/\/atelier-akchour.com\/willkommen\/wp-json\/wp\/v2\/pages\/316","targetHints":{"allow":["GET"]}}],"collection":[{"href":"https:\/\/atelier-akchour.com\/willkommen\/wp-json\/wp\/v2\/pages"}],"about":[{"href":"https:\/\/atelier-akchour.com\/willkommen\/wp-json\/wp\/v2\/types\/page"}],"author":[{"embeddable":true,"href":"https:\/\/atelier-akchour.com\/willkommen\/wp-json\/wp\/v2\/users\/1"}],"replies":[{"embeddable":true,"href":"https:\/\/atelier-akchour.com\/willkommen\/wp-json\/wp\/v2\/comments?post=316"}],"version-history":[{"count":21,"href":"https:\/\/atelier-akchour.com\/willkommen\/wp-json\/wp\/v2\/pages\/316\/revisions"}],"predecessor-version":[{"id":5001,"href":"https:\/\/atelier-akchour.com\/willkommen\/wp-json\/wp\/v2\/pages\/316\/revisions\/5001"}],"up":[{"embeddable":true,"href":"https:\/\/atelier-akchour.com\/willkommen\/wp-json\/wp\/v2\/pages\/149"}],"wp:attachment":[{"href":"https:\/\/atelier-akchour.com\/willkommen\/wp-json\/wp\/v2\/media?parent=316"}],"curies":[{"name":"wp","href":"https:\/\/api.w.org\/{rel}","templated":true}]}}