{"id":306,"date":"2024-04-02T21:10:27","date_gmt":"2024-04-02T21:10:27","guid":{"rendered":"https:\/\/atelier-akchour.com\/?page_id=306"},"modified":"2026-03-25T10:23:34","modified_gmt":"2026-03-25T10:23:34","slug":"pregnancy","status":"publish","type":"page","link":"https:\/\/atelier-akchour.com\/willkommen\/willkommen\/portfolio\/pregnancy\/","title":{"rendered":"Pregnancy"},"content":{"rendered":"\r\n<p>&nbsp;<\/p>\r\n\r\n\r\n\r\n<figure class=\"wp-block-image size-large\"><img loading=\"lazy\" decoding=\"async\" width=\"1024\" height=\"683\" class=\"wp-image-466\" src=\"https:\/\/atelier-akchour.com\/wp-content\/uploads\/2024\/06\/Kristina-5969-1024x683.jpeg\" alt=\"\" srcset=\"https:\/\/atelier-akchour.com\/wp-content\/uploads\/2024\/06\/Kristina-5969-1024x683.jpeg 1024w, https:\/\/atelier-akchour.com\/wp-content\/uploads\/2024\/06\/Kristina-5969-300x200.jpeg 300w, https:\/\/atelier-akchour.com\/wp-content\/uploads\/2024\/06\/Kristina-5969-768x512.jpeg 768w, https:\/\/atelier-akchour.com\/wp-content\/uploads\/2024\/06\/Kristina-5969-1536x1024.jpeg 1536w, https:\/\/atelier-akchour.com\/wp-content\/uploads\/2024\/06\/Kristina-5969-2048x1365.jpeg 2048w, https:\/\/atelier-akchour.com\/wp-content\/uploads\/2024\/06\/Kristina-5969-850x567.jpeg 850w\" sizes=\"auto, (max-width: 1024px) 100vw, 1024px\" \/><\/figure>\r\n\r\n\r\n\r\n<div class=\"wp-block-group alignfull has-background\" style=\"background-color: #f5eac1; padding: 6vw;\"><div class=\"wp-block-group__inner-container is-layout-flow wp-block-group-is-layout-flow\">\r\n<div class=\"wp-block-group is-vertical is-nowrap is-layout-flex wp-container-core-group-is-layout-287ef9cb wp-block-group-is-layout-flex\" style=\"padding-right: 0; padding-left: 0;\">\r\n<p><br \/><strong>BABYBAUCH-FOTOS<\/strong><\/p>\r\n\r\n\r\n\r\n<p>&nbsp;<\/p>\r\n\r\n\r\n\r\n<p>Outdoor oder im Studio<\/p>\r\n\r\n\r\n\r\n<p class=\"has-text-align-left\">Kundenkleiderschrank mit Couture- und Boho-Kleidern zur Auswahl<\/p>\r\n<\/div>\r\n<\/div><\/div>\r\n\r\n\r\n\r\n<p>&nbsp;<\/p>\r\n\r\n\r\n\r\n<p>Die Schwangerschaft &#8211; was f\u00fcr eine aufregende Zeit! Babybauchfotos halten sie fest. Egal ob Outdoor in einer sch\u00f6nen Location oder im Studio &#8211; zu euren pers\u00f6nlichen Lieblingsoutfits kann ich euch auch Shooting- und Couture-Kleider zur Verf\u00fcgung stellen. Stellt eure Anfrage <a href=\"https:\/\/atelier-akchour.com\/kontakt\/\">hier.<\/a><\/p>\r\n\r\n\r\n\r\n<p>&nbsp;<\/p>\r\n\r\n\r\n\r\n<figure class=\"wp-block-gallery has-nested-images columns-default is-cropped wp-block-gallery-1 is-layout-flex wp-block-gallery-is-layout-flex\">\r\n<figure class=\"wp-block-image size-large\"><img loading=\"lazy\" decoding=\"async\" width=\"1024\" height=\"683\" data-id=\"194\" class=\"wp-image-194\" src=\"https:\/\/atelier-akchour.com\/wp-content\/uploads\/2023\/10\/Schwangerschaft-Shooting-Fotos-Babybauch-Fotografin-Giessen-Lich-Butzbach-1-1024x683.jpg\" alt=\"Babybauch Shooting Studio Fotografie Schwangerschaft Lich Butzbach Gie\u00dfen\" srcset=\"https:\/\/atelier-akchour.com\/wp-content\/uploads\/2023\/10\/Schwangerschaft-Shooting-Fotos-Babybauch-Fotografin-Giessen-Lich-Butzbach-1-1024x683.jpg 1024w, https:\/\/atelier-akchour.com\/wp-content\/uploads\/2023\/10\/Schwangerschaft-Shooting-Fotos-Babybauch-Fotografin-Giessen-Lich-Butzbach-1-300x200.jpg 300w, https:\/\/atelier-akchour.com\/wp-content\/uploads\/2023\/10\/Schwangerschaft-Shooting-Fotos-Babybauch-Fotografin-Giessen-Lich-Butzbach-1-768x512.jpg 768w, https:\/\/atelier-akchour.com\/wp-content\/uploads\/2023\/10\/Schwangerschaft-Shooting-Fotos-Babybauch-Fotografin-Giessen-Lich-Butzbach-1-1536x1024.jpg 1536w, https:\/\/atelier-akchour.com\/wp-content\/uploads\/2023\/10\/Schwangerschaft-Shooting-Fotos-Babybauch-Fotografin-Giessen-Lich-Butzbach-1-2048x1365.jpg 2048w, https:\/\/atelier-akchour.com\/wp-content\/uploads\/2023\/10\/Schwangerschaft-Shooting-Fotos-Babybauch-Fotografin-Giessen-Lich-Butzbach-1-850x567.jpg 850w\" sizes=\"auto, (max-width: 1024px) 100vw, 1024px\" \/><\/figure>\r\n\r\n\r\n\r\n<figure class=\"wp-block-image size-large\"><img loading=\"lazy\" decoding=\"async\" width=\"683\" height=\"1024\" data-id=\"193\" class=\"wp-image-193\" src=\"https:\/\/atelier-akchour.com\/wp-content\/uploads\/2023\/10\/Schwangerschaft-Shooting-Fotos-Babybauch-Fotografin-Giessen-Lich-Butzbach-6-683x1024.jpg\" alt=\"Babybauch Shooting Studio Fotografie Schwangerschaft Lich Butzbach Gie\u00dfen\" srcset=\"https:\/\/atelier-akchour.com\/wp-content\/uploads\/2023\/10\/Schwangerschaft-Shooting-Fotos-Babybauch-Fotografin-Giessen-Lich-Butzbach-6-683x1024.jpg 683w, https:\/\/atelier-akchour.com\/wp-content\/uploads\/2023\/10\/Schwangerschaft-Shooting-Fotos-Babybauch-Fotografin-Giessen-Lich-Butzbach-6-200x300.jpg 200w, https:\/\/atelier-akchour.com\/wp-content\/uploads\/2023\/10\/Schwangerschaft-Shooting-Fotos-Babybauch-Fotografin-Giessen-Lich-Butzbach-6-768x1152.jpg 768w, https:\/\/atelier-akchour.com\/wp-content\/uploads\/2023\/10\/Schwangerschaft-Shooting-Fotos-Babybauch-Fotografin-Giessen-Lich-Butzbach-6-1024x1536.jpg 1024w, https:\/\/atelier-akchour.com\/wp-content\/uploads\/2023\/10\/Schwangerschaft-Shooting-Fotos-Babybauch-Fotografin-Giessen-Lich-Butzbach-6-1365x2048.jpg 1365w, https:\/\/atelier-akchour.com\/wp-content\/uploads\/2023\/10\/Schwangerschaft-Shooting-Fotos-Babybauch-Fotografin-Giessen-Lich-Butzbach-6-850x1275.jpg 850w, https:\/\/atelier-akchour.com\/wp-content\/uploads\/2023\/10\/Schwangerschaft-Shooting-Fotos-Babybauch-Fotografin-Giessen-Lich-Butzbach-6-scaled.jpg 1707w\" sizes=\"auto, (max-width: 683px) 100vw, 683px\" \/><\/figure>\r\n\r\n\r\n\r\n<figure class=\"wp-block-image size-large\"><img loading=\"lazy\" decoding=\"async\" width=\"1024\" height=\"683\" data-id=\"195\" class=\"wp-image-195\" src=\"https:\/\/atelier-akchour.com\/wp-content\/uploads\/2023\/10\/Schwangerschaft-Shooting-Fotos-Babybauch-Fotografin-Giessen-Lich-Butzbach-7-1024x683.jpg\" alt=\"Babybauch Shooting Studio Fotografie Schwangerschaft Lich Butzbach Gie\u00dfen\" srcset=\"https:\/\/atelier-akchour.com\/wp-content\/uploads\/2023\/10\/Schwangerschaft-Shooting-Fotos-Babybauch-Fotografin-Giessen-Lich-Butzbach-7-1024x683.jpg 1024w, https:\/\/atelier-akchour.com\/wp-content\/uploads\/2023\/10\/Schwangerschaft-Shooting-Fotos-Babybauch-Fotografin-Giessen-Lich-Butzbach-7-300x200.jpg 300w, https:\/\/atelier-akchour.com\/wp-content\/uploads\/2023\/10\/Schwangerschaft-Shooting-Fotos-Babybauch-Fotografin-Giessen-Lich-Butzbach-7-768x512.jpg 768w, https:\/\/atelier-akchour.com\/wp-content\/uploads\/2023\/10\/Schwangerschaft-Shooting-Fotos-Babybauch-Fotografin-Giessen-Lich-Butzbach-7-1536x1024.jpg 1536w, https:\/\/atelier-akchour.com\/wp-content\/uploads\/2023\/10\/Schwangerschaft-Shooting-Fotos-Babybauch-Fotografin-Giessen-Lich-Butzbach-7-2048x1365.jpg 2048w, https:\/\/atelier-akchour.com\/wp-content\/uploads\/2023\/10\/Schwangerschaft-Shooting-Fotos-Babybauch-Fotografin-Giessen-Lich-Butzbach-7-850x567.jpg 850w\" sizes=\"auto, (max-width: 1024px) 100vw, 1024px\" \/><\/figure>\r\n<\/figure>\r\n\r\n\r\n\r\n<p><br \/>Nat\u00fcrlich d\u00fcrfen auch die Partner und Geschwister beim Shooting dabei sein. <\/p>\r\n\r\n\r\n\r\n<figure class=\"wp-block-image size-large\"><img loading=\"lazy\" decoding=\"async\" width=\"576\" height=\"1024\" class=\"wp-image-489\" src=\"https:\/\/atelier-akchour.com\/wp-content\/uploads\/2024\/07\/So-in-love-wird-this-576x1024.png\" alt=\"\" srcset=\"https:\/\/atelier-akchour.com\/wp-content\/uploads\/2024\/07\/So-in-love-wird-this-576x1024.png 576w, https:\/\/atelier-akchour.com\/wp-content\/uploads\/2024\/07\/So-in-love-wird-this-169x300.png 169w, https:\/\/atelier-akchour.com\/wp-content\/uploads\/2024\/07\/So-in-love-wird-this-768x1365.png 768w, https:\/\/atelier-akchour.com\/wp-content\/uploads\/2024\/07\/So-in-love-wird-this-864x1536.png 864w, https:\/\/atelier-akchour.com\/wp-content\/uploads\/2024\/07\/So-in-love-wird-this-850x1511.png 850w, https:\/\/atelier-akchour.com\/wp-content\/uploads\/2024\/07\/So-in-love-wird-this.png 1080w\" sizes=\"auto, (max-width: 576px) 100vw, 576px\" \/><\/figure>\r\n\r\n\r\n\r\n<figure class=\"wp-block-gallery has-nested-images columns-default is-cropped wp-block-gallery-2 is-layout-flex wp-block-gallery-is-layout-flex\">\r\n<figure class=\"wp-block-image size-large\"><img loading=\"lazy\" decoding=\"async\" width=\"1024\" height=\"1024\" data-id=\"508\" class=\"wp-image-508\" src=\"https:\/\/atelier-akchour.com\/wp-content\/uploads\/2024\/09\/www.reallygreatsite.com_.zip-3-1024x1024.png\" alt=\"\" srcset=\"https:\/\/atelier-akchour.com\/wp-content\/uploads\/2024\/09\/www.reallygreatsite.com_.zip-3-1024x1024.png 1024w, https:\/\/atelier-akchour.com\/wp-content\/uploads\/2024\/09\/www.reallygreatsite.com_.zip-3-300x300.png 300w, https:\/\/atelier-akchour.com\/wp-content\/uploads\/2024\/09\/www.reallygreatsite.com_.zip-3-150x150.png 150w, https:\/\/atelier-akchour.com\/wp-content\/uploads\/2024\/09\/www.reallygreatsite.com_.zip-3-768x768.png 768w, https:\/\/atelier-akchour.com\/wp-content\/uploads\/2024\/09\/www.reallygreatsite.com_.zip-3-850x850.png 850w, https:\/\/atelier-akchour.com\/wp-content\/uploads\/2024\/09\/www.reallygreatsite.com_.zip-3-75x75.png 75w, https:\/\/atelier-akchour.com\/wp-content\/uploads\/2024\/09\/www.reallygreatsite.com_.zip-3.png 1080w\" sizes=\"auto, (max-width: 1024px) 100vw, 1024px\" \/><\/figure>\r\n\r\n\r\n\r\n<figure class=\"wp-block-image size-large\"><img loading=\"lazy\" decoding=\"async\" width=\"1024\" height=\"1024\" data-id=\"507\" class=\"wp-image-507\" src=\"https:\/\/atelier-akchour.com\/wp-content\/uploads\/2024\/09\/www.reallygreatsite.com_.zip-2-1024x1024.png\" alt=\"\" srcset=\"https:\/\/atelier-akchour.com\/wp-content\/uploads\/2024\/09\/www.reallygreatsite.com_.zip-2-1024x1024.png 1024w, https:\/\/atelier-akchour.com\/wp-content\/uploads\/2024\/09\/www.reallygreatsite.com_.zip-2-300x300.png 300w, https:\/\/atelier-akchour.com\/wp-content\/uploads\/2024\/09\/www.reallygreatsite.com_.zip-2-150x150.png 150w, https:\/\/atelier-akchour.com\/wp-content\/uploads\/2024\/09\/www.reallygreatsite.com_.zip-2-768x768.png 768w, https:\/\/atelier-akchour.com\/wp-content\/uploads\/2024\/09\/www.reallygreatsite.com_.zip-2-850x850.png 850w, https:\/\/atelier-akchour.com\/wp-content\/uploads\/2024\/09\/www.reallygreatsite.com_.zip-2-75x75.png 75w, https:\/\/atelier-akchour.com\/wp-content\/uploads\/2024\/09\/www.reallygreatsite.com_.zip-2.png 1080w\" sizes=\"auto, (max-width: 1024px) 100vw, 1024px\" \/><\/figure>\r\n\r\n\r\n\r\n<figure class=\"wp-block-image size-large\"><img loading=\"lazy\" decoding=\"async\" width=\"1024\" height=\"683\" data-id=\"511\" class=\"wp-image-511\" src=\"https:\/\/atelier-akchour.com\/wp-content\/uploads\/2024\/09\/IMG_5146-1024x683.jpeg\" alt=\"\" srcset=\"https:\/\/atelier-akchour.com\/wp-content\/uploads\/2024\/09\/IMG_5146-1024x683.jpeg 1024w, https:\/\/atelier-akchour.com\/wp-content\/uploads\/2024\/09\/IMG_5146-300x200.jpeg 300w, https:\/\/atelier-akchour.com\/wp-content\/uploads\/2024\/09\/IMG_5146-768x512.jpeg 768w, https:\/\/atelier-akchour.com\/wp-content\/uploads\/2024\/09\/IMG_5146-1536x1024.jpeg 1536w, https:\/\/atelier-akchour.com\/wp-content\/uploads\/2024\/09\/IMG_5146-2048x1365.jpeg 2048w, https:\/\/atelier-akchour.com\/wp-content\/uploads\/2024\/09\/IMG_5146-850x567.jpeg 850w\" sizes=\"auto, (max-width: 1024px) 100vw, 1024px\" \/><\/figure>\r\n\r\n\r\n\r\n<figure class=\"wp-block-image size-large\"><img loading=\"lazy\" decoding=\"async\" width=\"683\" height=\"1024\" data-id=\"509\" class=\"wp-image-509\" src=\"https:\/\/atelier-akchour.com\/wp-content\/uploads\/2024\/09\/IMG_5147-683x1024.jpeg\" alt=\"\" srcset=\"https:\/\/atelier-akchour.com\/wp-content\/uploads\/2024\/09\/IMG_5147-683x1024.jpeg 683w, https:\/\/atelier-akchour.com\/wp-content\/uploads\/2024\/09\/IMG_5147-200x300.jpeg 200w, https:\/\/atelier-akchour.com\/wp-content\/uploads\/2024\/09\/IMG_5147-768x1152.jpeg 768w, https:\/\/atelier-akchour.com\/wp-content\/uploads\/2024\/09\/IMG_5147-1024x1536.jpeg 1024w, https:\/\/atelier-akchour.com\/wp-content\/uploads\/2024\/09\/IMG_5147-1365x2048.jpeg 1365w, https:\/\/atelier-akchour.com\/wp-content\/uploads\/2024\/09\/IMG_5147-850x1275.jpeg 850w, https:\/\/atelier-akchour.com\/wp-content\/uploads\/2024\/09\/IMG_5147-scaled.jpeg 1706w\" sizes=\"auto, (max-width: 683px) 100vw, 683px\" \/><\/figure>\r\n\r\n\r\n\r\n<figure class=\"wp-block-image size-large\"><img loading=\"lazy\" decoding=\"async\" width=\"1024\" height=\"683\" data-id=\"513\" class=\"wp-image-513\" src=\"https:\/\/atelier-akchour.com\/wp-content\/uploads\/2024\/09\/IMG_5155-1024x683.jpeg\" alt=\"\" srcset=\"https:\/\/atelier-akchour.com\/wp-content\/uploads\/2024\/09\/IMG_5155-1024x683.jpeg 1024w, https:\/\/atelier-akchour.com\/wp-content\/uploads\/2024\/09\/IMG_5155-300x200.jpeg 300w, https:\/\/atelier-akchour.com\/wp-content\/uploads\/2024\/09\/IMG_5155-768x512.jpeg 768w, https:\/\/atelier-akchour.com\/wp-content\/uploads\/2024\/09\/IMG_5155-1536x1024.jpeg 1536w, https:\/\/atelier-akchour.com\/wp-content\/uploads\/2024\/09\/IMG_5155-2048x1365.jpeg 2048w, https:\/\/atelier-akchour.com\/wp-content\/uploads\/2024\/09\/IMG_5155-850x567.jpeg 850w\" sizes=\"auto, (max-width: 1024px) 100vw, 1024px\" \/><\/figure>\r\n\r\n\r\n\r\n<figure class=\"wp-block-image size-large\"><img loading=\"lazy\" decoding=\"async\" width=\"1024\" height=\"683\" data-id=\"510\" class=\"wp-image-510\" src=\"https:\/\/atelier-akchour.com\/wp-content\/uploads\/2024\/09\/IMG_5144-1024x683.jpeg\" alt=\"\" srcset=\"https:\/\/atelier-akchour.com\/wp-content\/uploads\/2024\/09\/IMG_5144-1024x683.jpeg 1024w, https:\/\/atelier-akchour.com\/wp-content\/uploads\/2024\/09\/IMG_5144-300x200.jpeg 300w, https:\/\/atelier-akchour.com\/wp-content\/uploads\/2024\/09\/IMG_5144-768x512.jpeg 768w, https:\/\/atelier-akchour.com\/wp-content\/uploads\/2024\/09\/IMG_5144-1536x1024.jpeg 1536w, https:\/\/atelier-akchour.com\/wp-content\/uploads\/2024\/09\/IMG_5144-2048x1365.jpeg 2048w, https:\/\/atelier-akchour.com\/wp-content\/uploads\/2024\/09\/IMG_5144-850x567.jpeg 850w\" sizes=\"auto, (max-width: 1024px) 100vw, 1024px\" \/><\/figure>\r\n\r\n\r\n\r\n<figure class=\"wp-block-image size-large\"><img loading=\"lazy\" decoding=\"async\" width=\"683\" height=\"1024\" data-id=\"515\" class=\"wp-image-515\" src=\"https:\/\/atelier-akchour.com\/wp-content\/uploads\/2024\/09\/IMG_5140-683x1024.jpeg\" alt=\"\" srcset=\"https:\/\/atelier-akchour.com\/wp-content\/uploads\/2024\/09\/IMG_5140-683x1024.jpeg 683w, https:\/\/atelier-akchour.com\/wp-content\/uploads\/2024\/09\/IMG_5140-200x300.jpeg 200w, https:\/\/atelier-akchour.com\/wp-content\/uploads\/2024\/09\/IMG_5140-768x1152.jpeg 768w, https:\/\/atelier-akchour.com\/wp-content\/uploads\/2024\/09\/IMG_5140-1024x1536.jpeg 1024w, https:\/\/atelier-akchour.com\/wp-content\/uploads\/2024\/09\/IMG_5140-1365x2048.jpeg 1365w, https:\/\/atelier-akchour.com\/wp-content\/uploads\/2024\/09\/IMG_5140-850x1275.jpeg 850w, https:\/\/atelier-akchour.com\/wp-content\/uploads\/2024\/09\/IMG_5140-scaled.jpeg 1706w\" sizes=\"auto, (max-width: 683px) 100vw, 683px\" \/><\/figure>\r\n\r\n\r\n\r\n<figure class=\"wp-block-image size-large\"><img loading=\"lazy\" decoding=\"async\" width=\"683\" height=\"1024\" data-id=\"514\" class=\"wp-image-514\" src=\"https:\/\/atelier-akchour.com\/wp-content\/uploads\/2024\/09\/IMG_5141-683x1024.jpeg\" alt=\"\" srcset=\"https:\/\/atelier-akchour.com\/wp-content\/uploads\/2024\/09\/IMG_5141-683x1024.jpeg 683w, https:\/\/atelier-akchour.com\/wp-content\/uploads\/2024\/09\/IMG_5141-200x300.jpeg 200w, https:\/\/atelier-akchour.com\/wp-content\/uploads\/2024\/09\/IMG_5141-768x1152.jpeg 768w, https:\/\/atelier-akchour.com\/wp-content\/uploads\/2024\/09\/IMG_5141-1024x1536.jpeg 1024w, https:\/\/atelier-akchour.com\/wp-content\/uploads\/2024\/09\/IMG_5141-1365x2048.jpeg 1365w, https:\/\/atelier-akchour.com\/wp-content\/uploads\/2024\/09\/IMG_5141-850x1275.jpeg 850w, https:\/\/atelier-akchour.com\/wp-content\/uploads\/2024\/09\/IMG_5141-scaled.jpeg 1706w\" sizes=\"auto, (max-width: 683px) 100vw, 683px\" \/><\/figure>\r\n\r\n\r\n\r\n<figure class=\"wp-block-image size-large\"><img loading=\"lazy\" decoding=\"async\" width=\"683\" height=\"1024\" data-id=\"512\" class=\"wp-image-512\" src=\"https:\/\/atelier-akchour.com\/wp-content\/uploads\/2024\/09\/IMG_5153-683x1024.jpeg\" alt=\"\" srcset=\"https:\/\/atelier-akchour.com\/wp-content\/uploads\/2024\/09\/IMG_5153-683x1024.jpeg 683w, https:\/\/atelier-akchour.com\/wp-content\/uploads\/2024\/09\/IMG_5153-200x300.jpeg 200w, https:\/\/atelier-akchour.com\/wp-content\/uploads\/2024\/09\/IMG_5153-768x1152.jpeg 768w, https:\/\/atelier-akchour.com\/wp-content\/uploads\/2024\/09\/IMG_5153-1024x1536.jpeg 1024w, https:\/\/atelier-akchour.com\/wp-content\/uploads\/2024\/09\/IMG_5153-1365x2048.jpeg 1365w, https:\/\/atelier-akchour.com\/wp-content\/uploads\/2024\/09\/IMG_5153-850x1275.jpeg 850w, https:\/\/atelier-akchour.com\/wp-content\/uploads\/2024\/09\/IMG_5153-scaled.jpeg 1706w\" sizes=\"auto, (max-width: 683px) 100vw, 683px\" \/><\/figure>\r\n<\/figure>\r\n\r\n\r\n\r\n<div class=\"wp-block-buttons is-content-justification-center is-layout-flex wp-container-core-buttons-is-layout-16018d1d wp-block-buttons-is-layout-flex\">\r\n<div class=\"wp-block-button\"><a class=\"wp-block-button__link wp-element-button\" href=\"https:\/\/atelier-akchour.com\/kontakt\/\">Jetzt anfragen<\/a><\/div>\r\n\r\n\r\n<\/div>\r\n\r\n\r\n<hr class=\"wp-block-separator has-alpha-channel-opacity\" \/>\r\n\r\n\r\n<div class=\"wp-block-group\"><div class=\"wp-block-group__inner-container is-layout-constrained wp-block-group-is-layout-constrained\">\r\n<p>Zur\u00fcck zum <strong><a href=\"https:\/\/atelier-akchour.com\/willkommen\/willkommen\/portfolio\/\">Portfolio<\/a><\/strong><\/p>\r\n\r\n\r\n<hr class=\"wp-block-separator has-alpha-channel-opacity\" \/><\/div><\/div>\r\n\r\n\r\n\r\n<figure class=\"wp-block-image size-large\"><img loading=\"lazy\" decoding=\"async\" width=\"1024\" height=\"683\" class=\"wp-image-191\" src=\"https:\/\/atelier-akchour.com\/wp-content\/uploads\/2023\/10\/Schwangerschaft-Shooting-Fotos-Babybauch-Fotografin-Giessen-Lich-Butzbach-5-1024x683.jpg\" alt=\"Babybauch Shooting Studio Fotografie Schwangerschaft Lich Butzbach Gie\u00dfen\" srcset=\"https:\/\/atelier-akchour.com\/wp-content\/uploads\/2023\/10\/Schwangerschaft-Shooting-Fotos-Babybauch-Fotografin-Giessen-Lich-Butzbach-5-1024x683.jpg 1024w, https:\/\/atelier-akchour.com\/wp-content\/uploads\/2023\/10\/Schwangerschaft-Shooting-Fotos-Babybauch-Fotografin-Giessen-Lich-Butzbach-5-300x200.jpg 300w, https:\/\/atelier-akchour.com\/wp-content\/uploads\/2023\/10\/Schwangerschaft-Shooting-Fotos-Babybauch-Fotografin-Giessen-Lich-Butzbach-5-768x512.jpg 768w, https:\/\/atelier-akchour.com\/wp-content\/uploads\/2023\/10\/Schwangerschaft-Shooting-Fotos-Babybauch-Fotografin-Giessen-Lich-Butzbach-5-1536x1024.jpg 1536w, https:\/\/atelier-akchour.com\/wp-content\/uploads\/2023\/10\/Schwangerschaft-Shooting-Fotos-Babybauch-Fotografin-Giessen-Lich-Butzbach-5-2048x1365.jpg 2048w, https:\/\/atelier-akchour.com\/wp-content\/uploads\/2023\/10\/Schwangerschaft-Shooting-Fotos-Babybauch-Fotografin-Giessen-Lich-Butzbach-5-850x567.jpg 850w\" sizes=\"auto, (max-width: 1024px) 100vw, 1024px\" \/><\/figure>\r\n","protected":false},"excerpt":{"rendered":"<p>&nbsp; BABYBAUCH-FOTOS &nbsp; Outdoor oder im Studio Kundenkleiderschrank mit Couture- und Boho-Kleidern zur Auswahl &nbsp; Die Schwangerschaft &#8211; was f\u00fcr eine aufregende Zeit! Babybauchfotos halten sie fest. Egal ob Outdoor [&hellip;]<\/p>\n","protected":false},"author":1,"featured_media":0,"parent":149,"menu_order":3,"comment_status":"closed","ping_status":"closed","template":"","meta":{"_monsterinsights_skip_tracking":false,"_monsterinsights_sitenote_active":false,"_monsterinsights_sitenote_note":"","_monsterinsights_sitenote_category":0,"_uf_show_specific_survey":0,"_uf_disable_surveys":false,"footnotes":""},"class_list":["post-306","page","type-page","status-publish","hentry"],"aioseo_notices":[],"_links":{"self":[{"href":"https:\/\/atelier-akchour.com\/willkommen\/wp-json\/wp\/v2\/pages\/306","targetHints":{"allow":["GET"]}}],"collection":[{"href":"https:\/\/atelier-akchour.com\/willkommen\/wp-json\/wp\/v2\/pages"}],"about":[{"href":"https:\/\/atelier-akchour.com\/willkommen\/wp-json\/wp\/v2\/types\/page"}],"author":[{"embeddable":true,"href":"https:\/\/atelier-akchour.com\/willkommen\/wp-json\/wp\/v2\/users\/1"}],"replies":[{"embeddable":true,"href":"https:\/\/atelier-akchour.com\/willkommen\/wp-json\/wp\/v2\/comments?post=306"}],"version-history":[{"count":23,"href":"https:\/\/atelier-akchour.com\/willkommen\/wp-json\/wp\/v2\/pages\/306\/revisions"}],"predecessor-version":[{"id":5002,"href":"https:\/\/atelier-akchour.com\/willkommen\/wp-json\/wp\/v2\/pages\/306\/revisions\/5002"}],"up":[{"embeddable":true,"href":"https:\/\/atelier-akchour.com\/willkommen\/wp-json\/wp\/v2\/pages\/149"}],"wp:attachment":[{"href":"https:\/\/atelier-akchour.com\/willkommen\/wp-json\/wp\/v2\/media?parent=306"}],"curies":[{"name":"wp","href":"https:\/\/api.w.org\/{rel}","templated":true}]}}