{"id":302,"date":"2024-04-02T20:45:09","date_gmt":"2024-04-02T20:45:09","guid":{"rendered":"https:\/\/atelier-akchour.com\/?page_id=302"},"modified":"2026-03-25T10:24:14","modified_gmt":"2026-03-25T10:24:14","slug":"wedding","status":"publish","type":"page","link":"https:\/\/atelier-akchour.com\/willkommen\/willkommen\/portfolio\/wedding\/","title":{"rendered":"Wedding"},"content":{"rendered":"\r\n<figure class=\"wp-block-image size-large\"><img loading=\"lazy\" decoding=\"async\" width=\"682\" height=\"1024\" class=\"wp-image-436\" src=\"https:\/\/atelier-akchour.com\/wp-content\/uploads\/2024\/05\/Workshop-bei-Kira-Stein-Fotografie-682x1024.png\" alt=\"\" srcset=\"https:\/\/atelier-akchour.com\/wp-content\/uploads\/2024\/05\/Workshop-bei-Kira-Stein-Fotografie-682x1024.png 682w, https:\/\/atelier-akchour.com\/wp-content\/uploads\/2024\/05\/Workshop-bei-Kira-Stein-Fotografie-200x300.png 200w, https:\/\/atelier-akchour.com\/wp-content\/uploads\/2024\/05\/Workshop-bei-Kira-Stein-Fotografie-768x1152.png 768w, https:\/\/atelier-akchour.com\/wp-content\/uploads\/2024\/05\/Workshop-bei-Kira-Stein-Fotografie-1024x1536.png 1024w, https:\/\/atelier-akchour.com\/wp-content\/uploads\/2024\/05\/Workshop-bei-Kira-Stein-Fotografie-850x1275.png 850w, https:\/\/atelier-akchour.com\/wp-content\/uploads\/2024\/05\/Workshop-bei-Kira-Stein-Fotografie.png 1333w\" sizes=\"auto, (max-width: 682px) 100vw, 682px\" \/><\/figure>\r\n\r\n\r\n\r\n<div class=\"wp-block-spacer\" style=\"height: 100px;\" aria-hidden=\"true\">\u00a0<\/div>\r\n\r\n\r\n\r\n<p>An eurem gro\u00dfen Tag begleite ich euch gerne mit einer ausf\u00fchrlichen Hochzeitsreportage &#8211; vom Getting Ready bis zum Sparkling Exit mit Wunderkerzen.<\/p>\r\n\r\n\r\n\r\n<p>&nbsp;<\/p>\r\n\r\n\r\n\r\n<figure class=\"wp-block-image size-large\"><img loading=\"lazy\" decoding=\"async\" width=\"1024\" height=\"819\" class=\"wp-image-438\" src=\"https:\/\/atelier-akchour.com\/wp-content\/uploads\/2024\/05\/F001D99E-1083-4431-B4DE-A46B6DBAE7A0-1024x819.png\" alt=\"\" srcset=\"https:\/\/atelier-akchour.com\/wp-content\/uploads\/2024\/05\/F001D99E-1083-4431-B4DE-A46B6DBAE7A0-1024x819.png 1024w, https:\/\/atelier-akchour.com\/wp-content\/uploads\/2024\/05\/F001D99E-1083-4431-B4DE-A46B6DBAE7A0-300x240.png 300w, https:\/\/atelier-akchour.com\/wp-content\/uploads\/2024\/05\/F001D99E-1083-4431-B4DE-A46B6DBAE7A0-768x614.png 768w, https:\/\/atelier-akchour.com\/wp-content\/uploads\/2024\/05\/F001D99E-1083-4431-B4DE-A46B6DBAE7A0-1536x1229.png 1536w, https:\/\/atelier-akchour.com\/wp-content\/uploads\/2024\/05\/F001D99E-1083-4431-B4DE-A46B6DBAE7A0-850x680.png 850w, https:\/\/atelier-akchour.com\/wp-content\/uploads\/2024\/05\/F001D99E-1083-4431-B4DE-A46B6DBAE7A0.png 2000w\" sizes=\"auto, (max-width: 1024px) 100vw, 1024px\" \/><\/figure>\r\n\r\n\r\n\r\n<p><br \/>Ihr k\u00f6nnt mich aber auch f\u00fcr k\u00fcrzere Timeslots buchen &#8211; etwa wenn ihr eine Fotografin f\u00fcr die Trauung und Familienbilder braucht. <br \/><a href=\"https:\/\/atelier-akchour.com\/kontakt\/\" data-type=\"page\" data-id=\"136\">Schreibt mir<\/a> und ihr bekommt ein individuelles Angebot.<\/p>\r\n\r\n\r\n\r\n<figure class=\"wp-block-image size-large\"><img loading=\"lazy\" decoding=\"async\" width=\"1024\" height=\"1024\" class=\"wp-image-440\" src=\"https:\/\/atelier-akchour.com\/wp-content\/uploads\/2024\/05\/IMG_2006-1024x1024.png\" alt=\"\" srcset=\"https:\/\/atelier-akchour.com\/wp-content\/uploads\/2024\/05\/IMG_2006-1024x1024.png 1024w, https:\/\/atelier-akchour.com\/wp-content\/uploads\/2024\/05\/IMG_2006-300x300.png 300w, https:\/\/atelier-akchour.com\/wp-content\/uploads\/2024\/05\/IMG_2006-150x150.png 150w, https:\/\/atelier-akchour.com\/wp-content\/uploads\/2024\/05\/IMG_2006-768x768.png 768w, https:\/\/atelier-akchour.com\/wp-content\/uploads\/2024\/05\/IMG_2006-850x850.png 850w, https:\/\/atelier-akchour.com\/wp-content\/uploads\/2024\/05\/IMG_2006-75x75.png 75w, https:\/\/atelier-akchour.com\/wp-content\/uploads\/2024\/05\/IMG_2006.png 1080w\" sizes=\"auto, (max-width: 1024px) 100vw, 1024px\" \/><\/figure>\r\n\r\n\r\n<details class=\"wp-block-details is-layout-flow wp-block-details-is-layout-flow\">\r\n<summary>Damit ihr bestens auf euer Hochzeitsshooting vorbereitet seid, f\u00fchren wir ein ausf\u00fchrliches Vorgespr\u00e4ch in dem ihr mir alle eure W\u00fcnsche mitteilt. Am Hochzeitstag selbst sollt ihr n\u00e4mlich einfach nur Spa\u00df haben.<\/summary>\r\n\r\n<div class=\"wp-block-buttons is-layout-flex wp-block-buttons-is-layout-flex\"><\/div>\r\n<\/details>\r\n\r\n\r\n<figure class=\"wp-block-image size-large\"><img loading=\"lazy\" decoding=\"async\" width=\"1024\" height=\"819\" class=\"wp-image-450\" src=\"https:\/\/atelier-akchour.com\/wp-content\/uploads\/2024\/05\/Worksh-bei-Kira-Stein-Fotografie-1024x819.png\" alt=\"\" srcset=\"https:\/\/atelier-akchour.com\/wp-content\/uploads\/2024\/05\/Worksh-bei-Kira-Stein-Fotografie-1024x819.png 1024w, https:\/\/atelier-akchour.com\/wp-content\/uploads\/2024\/05\/Worksh-bei-Kira-Stein-Fotografie-300x240.png 300w, https:\/\/atelier-akchour.com\/wp-content\/uploads\/2024\/05\/Worksh-bei-Kira-Stein-Fotografie-768x614.png 768w, https:\/\/atelier-akchour.com\/wp-content\/uploads\/2024\/05\/Worksh-bei-Kira-Stein-Fotografie-1536x1229.png 1536w, https:\/\/atelier-akchour.com\/wp-content\/uploads\/2024\/05\/Worksh-bei-Kira-Stein-Fotografie-850x680.png 850w, https:\/\/atelier-akchour.com\/wp-content\/uploads\/2024\/05\/Worksh-bei-Kira-Stein-Fotografie.png 2000w\" sizes=\"auto, (max-width: 1024px) 100vw, 1024px\" \/><\/figure>\r\n\r\n\r\n\r\n<figure class=\"wp-block-image size-large\"><img loading=\"lazy\" decoding=\"async\" width=\"576\" height=\"1024\" class=\"wp-image-500\" src=\"https:\/\/atelier-akchour.com\/wp-content\/uploads\/2024\/07\/Beige-Braun-Minimalistisch-Positivitaetsstrategien-Instagram-Story-1-576x1024.png\" alt=\"\" srcset=\"https:\/\/atelier-akchour.com\/wp-content\/uploads\/2024\/07\/Beige-Braun-Minimalistisch-Positivitaetsstrategien-Instagram-Story-1-576x1024.png 576w, https:\/\/atelier-akchour.com\/wp-content\/uploads\/2024\/07\/Beige-Braun-Minimalistisch-Positivitaetsstrategien-Instagram-Story-1-169x300.png 169w, https:\/\/atelier-akchour.com\/wp-content\/uploads\/2024\/07\/Beige-Braun-Minimalistisch-Positivitaetsstrategien-Instagram-Story-1-768x1365.png 768w, https:\/\/atelier-akchour.com\/wp-content\/uploads\/2024\/07\/Beige-Braun-Minimalistisch-Positivitaetsstrategien-Instagram-Story-1-864x1536.png 864w, https:\/\/atelier-akchour.com\/wp-content\/uploads\/2024\/07\/Beige-Braun-Minimalistisch-Positivitaetsstrategien-Instagram-Story-1-850x1511.png 850w, https:\/\/atelier-akchour.com\/wp-content\/uploads\/2024\/07\/Beige-Braun-Minimalistisch-Positivitaetsstrategien-Instagram-Story-1.png 1080w\" sizes=\"auto, (max-width: 576px) 100vw, 576px\" \/><\/figure>\r\n\r\n\r\n\r\n<div class=\"wp-block-spacer\" style=\"height: 100px;\" aria-hidden=\"true\">\u00a0<\/div>\r\n\r\n\r\n\r\n<div class=\"wp-block-buttons is-content-justification-center is-layout-flex wp-container-core-buttons-is-layout-16018d1d wp-block-buttons-is-layout-flex\">\r\n<div class=\"wp-block-button\"><a class=\"wp-block-button__link wp-element-button\" href=\"https:\/\/atelier-akchour.com\/kontakt\/\">Jetzt anfragen<\/a><\/div>\r\n<\/div>\r\n\r\n\r\n\r\n<div class=\"wp-block-spacer\" style=\"height: 100px;\" aria-hidden=\"true\">\u00a0<\/div>\r\n\r\n\r\n\r\n<figure class=\"wp-block-gallery has-nested-images columns-default is-cropped wp-block-gallery-1 is-layout-flex wp-block-gallery-is-layout-flex\">\r\n<figure class=\"wp-block-image size-large\"><img loading=\"lazy\" decoding=\"async\" width=\"683\" height=\"1024\" data-id=\"267\" class=\"wp-image-267\" src=\"https:\/\/atelier-akchour.com\/wp-content\/uploads\/2024\/03\/IMG_1634-683x1024.jpeg\" alt=\"\" srcset=\"https:\/\/atelier-akchour.com\/wp-content\/uploads\/2024\/03\/IMG_1634-683x1024.jpeg 683w, https:\/\/atelier-akchour.com\/wp-content\/uploads\/2024\/03\/IMG_1634-200x300.jpeg 200w, https:\/\/atelier-akchour.com\/wp-content\/uploads\/2024\/03\/IMG_1634-768x1152.jpeg 768w, https:\/\/atelier-akchour.com\/wp-content\/uploads\/2024\/03\/IMG_1634-1024x1536.jpeg 1024w, https:\/\/atelier-akchour.com\/wp-content\/uploads\/2024\/03\/IMG_1634-1366x2048.jpeg 1366w, https:\/\/atelier-akchour.com\/wp-content\/uploads\/2024\/03\/IMG_1634-850x1275.jpeg 850w, https:\/\/atelier-akchour.com\/wp-content\/uploads\/2024\/03\/IMG_1634-scaled.jpeg 1707w\" sizes=\"auto, (max-width: 683px) 100vw, 683px\" \/><\/figure>\r\n\r\n\r\n\r\n<figure class=\"wp-block-image size-large\"><img loading=\"lazy\" decoding=\"async\" width=\"683\" height=\"1024\" data-id=\"268\" class=\"wp-image-268\" src=\"https:\/\/atelier-akchour.com\/wp-content\/uploads\/2024\/03\/IMG_9411-683x1024.jpeg\" alt=\"\" srcset=\"https:\/\/atelier-akchour.com\/wp-content\/uploads\/2024\/03\/IMG_9411-683x1024.jpeg 683w, https:\/\/atelier-akchour.com\/wp-content\/uploads\/2024\/03\/IMG_9411-200x300.jpeg 200w, https:\/\/atelier-akchour.com\/wp-content\/uploads\/2024\/03\/IMG_9411-768x1152.jpeg 768w, https:\/\/atelier-akchour.com\/wp-content\/uploads\/2024\/03\/IMG_9411-1024x1536.jpeg 1024w, https:\/\/atelier-akchour.com\/wp-content\/uploads\/2024\/03\/IMG_9411-1365x2048.jpeg 1365w, https:\/\/atelier-akchour.com\/wp-content\/uploads\/2024\/03\/IMG_9411-850x1275.jpeg 850w, https:\/\/atelier-akchour.com\/wp-content\/uploads\/2024\/03\/IMG_9411-scaled.jpeg 1707w\" sizes=\"auto, (max-width: 683px) 100vw, 683px\" \/><\/figure>\r\n\r\n\r\n\r\n<figure class=\"wp-block-image size-large\"><img loading=\"lazy\" decoding=\"async\" width=\"683\" height=\"1024\" data-id=\"269\" class=\"wp-image-269\" src=\"https:\/\/atelier-akchour.com\/wp-content\/uploads\/2024\/03\/IMG_1700-683x1024.jpeg\" alt=\"\" srcset=\"https:\/\/atelier-akchour.com\/wp-content\/uploads\/2024\/03\/IMG_1700-683x1024.jpeg 683w, https:\/\/atelier-akchour.com\/wp-content\/uploads\/2024\/03\/IMG_1700-200x300.jpeg 200w, https:\/\/atelier-akchour.com\/wp-content\/uploads\/2024\/03\/IMG_1700-768x1152.jpeg 768w, https:\/\/atelier-akchour.com\/wp-content\/uploads\/2024\/03\/IMG_1700-1024x1536.jpeg 1024w, https:\/\/atelier-akchour.com\/wp-content\/uploads\/2024\/03\/IMG_1700-1365x2048.jpeg 1365w, https:\/\/atelier-akchour.com\/wp-content\/uploads\/2024\/03\/IMG_1700-850x1275.jpeg 850w, https:\/\/atelier-akchour.com\/wp-content\/uploads\/2024\/03\/IMG_1700-scaled.jpeg 1707w\" sizes=\"auto, (max-width: 683px) 100vw, 683px\" \/><\/figure>\r\n\r\n\r\n\r\n<figure class=\"wp-block-image size-large\"><img loading=\"lazy\" decoding=\"async\" width=\"683\" height=\"1024\" data-id=\"264\" class=\"wp-image-264\" src=\"https:\/\/atelier-akchour.com\/wp-content\/uploads\/2024\/03\/IMG_9555-683x1024.jpeg\" alt=\"\" srcset=\"https:\/\/atelier-akchour.com\/wp-content\/uploads\/2024\/03\/IMG_9555-683x1024.jpeg 683w, https:\/\/atelier-akchour.com\/wp-content\/uploads\/2024\/03\/IMG_9555-200x300.jpeg 200w, https:\/\/atelier-akchour.com\/wp-content\/uploads\/2024\/03\/IMG_9555-768x1152.jpeg 768w, https:\/\/atelier-akchour.com\/wp-content\/uploads\/2024\/03\/IMG_9555-1024x1536.jpeg 1024w, https:\/\/atelier-akchour.com\/wp-content\/uploads\/2024\/03\/IMG_9555-1365x2048.jpeg 1365w, https:\/\/atelier-akchour.com\/wp-content\/uploads\/2024\/03\/IMG_9555-850x1275.jpeg 850w, https:\/\/atelier-akchour.com\/wp-content\/uploads\/2024\/03\/IMG_9555-scaled.jpeg 1706w\" sizes=\"auto, (max-width: 683px) 100vw, 683px\" \/><\/figure>\r\n\r\n\r\n\r\n<figure class=\"wp-block-image size-large\"><img loading=\"lazy\" decoding=\"async\" width=\"1024\" height=\"1024\" data-id=\"263\" class=\"wp-image-263\" src=\"https:\/\/atelier-akchour.com\/wp-content\/uploads\/2024\/03\/IMG_8833-1024x1024.jpeg\" alt=\"\" srcset=\"https:\/\/atelier-akchour.com\/wp-content\/uploads\/2024\/03\/IMG_8833-1024x1024.jpeg 1024w, https:\/\/atelier-akchour.com\/wp-content\/uploads\/2024\/03\/IMG_8833-300x300.jpeg 300w, https:\/\/atelier-akchour.com\/wp-content\/uploads\/2024\/03\/IMG_8833-150x150.jpeg 150w, https:\/\/atelier-akchour.com\/wp-content\/uploads\/2024\/03\/IMG_8833-768x768.jpeg 768w, https:\/\/atelier-akchour.com\/wp-content\/uploads\/2024\/03\/IMG_8833-850x850.jpeg 850w, https:\/\/atelier-akchour.com\/wp-content\/uploads\/2024\/03\/IMG_8833-75x75.jpeg 75w, https:\/\/atelier-akchour.com\/wp-content\/uploads\/2024\/03\/IMG_8833.jpeg 1080w\" sizes=\"auto, (max-width: 1024px) 100vw, 1024px\" \/><\/figure>\r\n\r\n\r\n\r\n<figure class=\"wp-block-image size-large\"><img loading=\"lazy\" decoding=\"async\" width=\"683\" height=\"1024\" data-id=\"266\" class=\"wp-image-266\" src=\"https:\/\/atelier-akchour.com\/wp-content\/uploads\/2024\/03\/IMG_9690-683x1024.jpeg\" alt=\"\" srcset=\"https:\/\/atelier-akchour.com\/wp-content\/uploads\/2024\/03\/IMG_9690-683x1024.jpeg 683w, https:\/\/atelier-akchour.com\/wp-content\/uploads\/2024\/03\/IMG_9690-200x300.jpeg 200w, https:\/\/atelier-akchour.com\/wp-content\/uploads\/2024\/03\/IMG_9690-768x1152.jpeg 768w, https:\/\/atelier-akchour.com\/wp-content\/uploads\/2024\/03\/IMG_9690-1024x1536.jpeg 1024w, https:\/\/atelier-akchour.com\/wp-content\/uploads\/2024\/03\/IMG_9690-1365x2048.jpeg 1365w, https:\/\/atelier-akchour.com\/wp-content\/uploads\/2024\/03\/IMG_9690-850x1275.jpeg 850w, https:\/\/atelier-akchour.com\/wp-content\/uploads\/2024\/03\/IMG_9690-scaled.jpeg 1706w\" sizes=\"auto, (max-width: 683px) 100vw, 683px\" \/><\/figure>\r\n\r\n\r\n\r\n<figure class=\"wp-block-image size-large\"><img loading=\"lazy\" decoding=\"async\" width=\"1024\" height=\"683\" data-id=\"265\" class=\"wp-image-265\" src=\"https:\/\/atelier-akchour.com\/wp-content\/uploads\/2024\/03\/IMG_9421-1024x683.jpeg\" alt=\"\" srcset=\"https:\/\/atelier-akchour.com\/wp-content\/uploads\/2024\/03\/IMG_9421-1024x683.jpeg 1024w, https:\/\/atelier-akchour.com\/wp-content\/uploads\/2024\/03\/IMG_9421-300x200.jpeg 300w, https:\/\/atelier-akchour.com\/wp-content\/uploads\/2024\/03\/IMG_9421-768x512.jpeg 768w, https:\/\/atelier-akchour.com\/wp-content\/uploads\/2024\/03\/IMG_9421-1536x1024.jpeg 1536w, https:\/\/atelier-akchour.com\/wp-content\/uploads\/2024\/03\/IMG_9421-2048x1366.jpeg 2048w, https:\/\/atelier-akchour.com\/wp-content\/uploads\/2024\/03\/IMG_9421-850x567.jpeg 850w\" sizes=\"auto, (max-width: 1024px) 100vw, 1024px\" \/><\/figure>\r\n\r\n\r\n\r\n<figure class=\"wp-block-image size-large\"><img loading=\"lazy\" decoding=\"async\" width=\"683\" height=\"1024\" data-id=\"270\" class=\"wp-image-270\" src=\"https:\/\/atelier-akchour.com\/wp-content\/uploads\/2024\/03\/IMG_1547-683x1024.jpeg\" alt=\"\" srcset=\"https:\/\/atelier-akchour.com\/wp-content\/uploads\/2024\/03\/IMG_1547-683x1024.jpeg 683w, https:\/\/atelier-akchour.com\/wp-content\/uploads\/2024\/03\/IMG_1547-200x300.jpeg 200w, https:\/\/atelier-akchour.com\/wp-content\/uploads\/2024\/03\/IMG_1547-768x1152.jpeg 768w, https:\/\/atelier-akchour.com\/wp-content\/uploads\/2024\/03\/IMG_1547-1024x1536.jpeg 1024w, https:\/\/atelier-akchour.com\/wp-content\/uploads\/2024\/03\/IMG_1547-1365x2048.jpeg 1365w, https:\/\/atelier-akchour.com\/wp-content\/uploads\/2024\/03\/IMG_1547-850x1275.jpeg 850w, https:\/\/atelier-akchour.com\/wp-content\/uploads\/2024\/03\/IMG_1547-scaled.jpeg 1706w\" sizes=\"auto, (max-width: 683px) 100vw, 683px\" \/><\/figure>\r\n\r\n\r\n\r\n<figure class=\"wp-block-image size-large\"><img loading=\"lazy\" decoding=\"async\" width=\"683\" height=\"1024\" data-id=\"271\" class=\"wp-image-271\" src=\"https:\/\/atelier-akchour.com\/wp-content\/uploads\/2024\/03\/IMG_9463-683x1024.jpeg\" alt=\"\" srcset=\"https:\/\/atelier-akchour.com\/wp-content\/uploads\/2024\/03\/IMG_9463-683x1024.jpeg 683w, https:\/\/atelier-akchour.com\/wp-content\/uploads\/2024\/03\/IMG_9463-200x300.jpeg 200w, https:\/\/atelier-akchour.com\/wp-content\/uploads\/2024\/03\/IMG_9463-768x1152.jpeg 768w, https:\/\/atelier-akchour.com\/wp-content\/uploads\/2024\/03\/IMG_9463-1024x1536.jpeg 1024w, https:\/\/atelier-akchour.com\/wp-content\/uploads\/2024\/03\/IMG_9463-1365x2048.jpeg 1365w, https:\/\/atelier-akchour.com\/wp-content\/uploads\/2024\/03\/IMG_9463-850x1275.jpeg 850w, https:\/\/atelier-akchour.com\/wp-content\/uploads\/2024\/03\/IMG_9463-scaled.jpeg 1707w\" sizes=\"auto, (max-width: 683px) 100vw, 683px\" \/><\/figure>\r\n\r\n\r\n\r\n<figure class=\"wp-block-image size-large\"><img loading=\"lazy\" decoding=\"async\" width=\"683\" height=\"1024\" data-id=\"275\" class=\"wp-image-275\" src=\"https:\/\/atelier-akchour.com\/wp-content\/uploads\/2024\/03\/IMG_1338-683x1024.jpeg\" alt=\"\" srcset=\"https:\/\/atelier-akchour.com\/wp-content\/uploads\/2024\/03\/IMG_1338-683x1024.jpeg 683w, https:\/\/atelier-akchour.com\/wp-content\/uploads\/2024\/03\/IMG_1338-200x300.jpeg 200w, https:\/\/atelier-akchour.com\/wp-content\/uploads\/2024\/03\/IMG_1338-768x1152.jpeg 768w, https:\/\/atelier-akchour.com\/wp-content\/uploads\/2024\/03\/IMG_1338-1024x1536.jpeg 1024w, https:\/\/atelier-akchour.com\/wp-content\/uploads\/2024\/03\/IMG_1338-1365x2048.jpeg 1365w, https:\/\/atelier-akchour.com\/wp-content\/uploads\/2024\/03\/IMG_1338-850x1275.jpeg 850w, https:\/\/atelier-akchour.com\/wp-content\/uploads\/2024\/03\/IMG_1338-scaled.jpeg 1707w\" sizes=\"auto, (max-width: 683px) 100vw, 683px\" \/><\/figure>\r\n\r\n\r\n\r\n<figure class=\"wp-block-image size-large\"><img loading=\"lazy\" decoding=\"async\" width=\"1024\" height=\"1024\" data-id=\"279\" class=\"wp-image-279\" src=\"https:\/\/atelier-akchour.com\/wp-content\/uploads\/2024\/03\/IMG_8733-1024x1024.jpeg\" alt=\"\" srcset=\"https:\/\/atelier-akchour.com\/wp-content\/uploads\/2024\/03\/IMG_8733-1024x1024.jpeg 1024w, https:\/\/atelier-akchour.com\/wp-content\/uploads\/2024\/03\/IMG_8733-300x300.jpeg 300w, https:\/\/atelier-akchour.com\/wp-content\/uploads\/2024\/03\/IMG_8733-150x150.jpeg 150w, https:\/\/atelier-akchour.com\/wp-content\/uploads\/2024\/03\/IMG_8733-768x768.jpeg 768w, https:\/\/atelier-akchour.com\/wp-content\/uploads\/2024\/03\/IMG_8733-850x850.jpeg 850w, https:\/\/atelier-akchour.com\/wp-content\/uploads\/2024\/03\/IMG_8733-75x75.jpeg 75w, https:\/\/atelier-akchour.com\/wp-content\/uploads\/2024\/03\/IMG_8733.jpeg 1080w\" sizes=\"auto, (max-width: 1024px) 100vw, 1024px\" \/><\/figure>\r\n\r\n\r\n\r\n<figure class=\"wp-block-image size-large\"><img loading=\"lazy\" decoding=\"async\" width=\"1024\" height=\"683\" data-id=\"274\" class=\"wp-image-274\" src=\"https:\/\/atelier-akchour.com\/wp-content\/uploads\/2024\/03\/IMG_2109-1024x683.jpeg\" alt=\"\" srcset=\"https:\/\/atelier-akchour.com\/wp-content\/uploads\/2024\/03\/IMG_2109-1024x683.jpeg 1024w, https:\/\/atelier-akchour.com\/wp-content\/uploads\/2024\/03\/IMG_2109-300x200.jpeg 300w, https:\/\/atelier-akchour.com\/wp-content\/uploads\/2024\/03\/IMG_2109-768x512.jpeg 768w, https:\/\/atelier-akchour.com\/wp-content\/uploads\/2024\/03\/IMG_2109-1536x1024.jpeg 1536w, https:\/\/atelier-akchour.com\/wp-content\/uploads\/2024\/03\/IMG_2109-2048x1365.jpeg 2048w, https:\/\/atelier-akchour.com\/wp-content\/uploads\/2024\/03\/IMG_2109-850x567.jpeg 850w\" sizes=\"auto, (max-width: 1024px) 100vw, 1024px\" \/><\/figure>\r\n\r\n\r\n\r\n<figure class=\"wp-block-image size-large\"><img loading=\"lazy\" decoding=\"async\" width=\"1024\" height=\"683\" data-id=\"276\" class=\"wp-image-276\" src=\"https:\/\/atelier-akchour.com\/wp-content\/uploads\/2024\/03\/IMG_2391-1024x683.jpeg\" alt=\"\" srcset=\"https:\/\/atelier-akchour.com\/wp-content\/uploads\/2024\/03\/IMG_2391-1024x683.jpeg 1024w, https:\/\/atelier-akchour.com\/wp-content\/uploads\/2024\/03\/IMG_2391-300x200.jpeg 300w, https:\/\/atelier-akchour.com\/wp-content\/uploads\/2024\/03\/IMG_2391-768x512.jpeg 768w, https:\/\/atelier-akchour.com\/wp-content\/uploads\/2024\/03\/IMG_2391-1536x1024.jpeg 1536w, https:\/\/atelier-akchour.com\/wp-content\/uploads\/2024\/03\/IMG_2391-2048x1365.jpeg 2048w, https:\/\/atelier-akchour.com\/wp-content\/uploads\/2024\/03\/IMG_2391-850x567.jpeg 850w\" sizes=\"auto, (max-width: 1024px) 100vw, 1024px\" \/><\/figure>\r\n\r\n\r\n\r\n<figure class=\"wp-block-image size-large\"><img loading=\"lazy\" decoding=\"async\" width=\"1024\" height=\"1024\" data-id=\"281\" class=\"wp-image-281\" src=\"https:\/\/atelier-akchour.com\/wp-content\/uploads\/2024\/03\/IMG_8727-1024x1024.jpeg\" alt=\"\" srcset=\"https:\/\/atelier-akchour.com\/wp-content\/uploads\/2024\/03\/IMG_8727-1024x1024.jpeg 1024w, https:\/\/atelier-akchour.com\/wp-content\/uploads\/2024\/03\/IMG_8727-300x300.jpeg 300w, https:\/\/atelier-akchour.com\/wp-content\/uploads\/2024\/03\/IMG_8727-150x150.jpeg 150w, https:\/\/atelier-akchour.com\/wp-content\/uploads\/2024\/03\/IMG_8727-768x768.jpeg 768w, https:\/\/atelier-akchour.com\/wp-content\/uploads\/2024\/03\/IMG_8727-850x850.jpeg 850w, https:\/\/atelier-akchour.com\/wp-content\/uploads\/2024\/03\/IMG_8727-75x75.jpeg 75w, https:\/\/atelier-akchour.com\/wp-content\/uploads\/2024\/03\/IMG_8727.jpeg 1080w\" sizes=\"auto, (max-width: 1024px) 100vw, 1024px\" \/><\/figure>\r\n\r\n\r\n\r\n<figure class=\"wp-block-image size-large\"><img loading=\"lazy\" decoding=\"async\" width=\"683\" height=\"1024\" data-id=\"273\" class=\"wp-image-273\" src=\"https:\/\/atelier-akchour.com\/wp-content\/uploads\/2024\/03\/IMG_0884-683x1024.jpeg\" alt=\"\" srcset=\"https:\/\/atelier-akchour.com\/wp-content\/uploads\/2024\/03\/IMG_0884-683x1024.jpeg 683w, https:\/\/atelier-akchour.com\/wp-content\/uploads\/2024\/03\/IMG_0884-200x300.jpeg 200w, https:\/\/atelier-akchour.com\/wp-content\/uploads\/2024\/03\/IMG_0884-768x1152.jpeg 768w, https:\/\/atelier-akchour.com\/wp-content\/uploads\/2024\/03\/IMG_0884-1024x1536.jpeg 1024w, https:\/\/atelier-akchour.com\/wp-content\/uploads\/2024\/03\/IMG_0884-1365x2048.jpeg 1365w, https:\/\/atelier-akchour.com\/wp-content\/uploads\/2024\/03\/IMG_0884-850x1275.jpeg 850w, https:\/\/atelier-akchour.com\/wp-content\/uploads\/2024\/03\/IMG_0884-scaled.jpeg 1707w\" sizes=\"auto, (max-width: 683px) 100vw, 683px\" \/><\/figure>\r\n\r\n\r\n\r\n<figure class=\"wp-block-image size-large\"><img loading=\"lazy\" decoding=\"async\" width=\"683\" height=\"1024\" data-id=\"272\" class=\"wp-image-272\" src=\"https:\/\/atelier-akchour.com\/wp-content\/uploads\/2024\/03\/IMG_0961-683x1024.jpeg\" alt=\"\" srcset=\"https:\/\/atelier-akchour.com\/wp-content\/uploads\/2024\/03\/IMG_0961-683x1024.jpeg 683w, https:\/\/atelier-akchour.com\/wp-content\/uploads\/2024\/03\/IMG_0961-200x300.jpeg 200w, https:\/\/atelier-akchour.com\/wp-content\/uploads\/2024\/03\/IMG_0961-768x1152.jpeg 768w, https:\/\/atelier-akchour.com\/wp-content\/uploads\/2024\/03\/IMG_0961-1024x1536.jpeg 1024w, https:\/\/atelier-akchour.com\/wp-content\/uploads\/2024\/03\/IMG_0961-1365x2048.jpeg 1365w, https:\/\/atelier-akchour.com\/wp-content\/uploads\/2024\/03\/IMG_0961-850x1275.jpeg 850w, https:\/\/atelier-akchour.com\/wp-content\/uploads\/2024\/03\/IMG_0961-scaled.jpeg 1707w\" sizes=\"auto, (max-width: 683px) 100vw, 683px\" \/><\/figure>\r\n\r\n\r\n\r\n<figure class=\"wp-block-image size-large\"><img loading=\"lazy\" decoding=\"async\" width=\"1024\" height=\"1024\" data-id=\"278\" class=\"wp-image-278\" src=\"https:\/\/atelier-akchour.com\/wp-content\/uploads\/2024\/03\/IMG_8728-1024x1024.jpeg\" alt=\"\" srcset=\"https:\/\/atelier-akchour.com\/wp-content\/uploads\/2024\/03\/IMG_8728-1024x1024.jpeg 1024w, https:\/\/atelier-akchour.com\/wp-content\/uploads\/2024\/03\/IMG_8728-300x300.jpeg 300w, https:\/\/atelier-akchour.com\/wp-content\/uploads\/2024\/03\/IMG_8728-150x150.jpeg 150w, https:\/\/atelier-akchour.com\/wp-content\/uploads\/2024\/03\/IMG_8728-768x768.jpeg 768w, https:\/\/atelier-akchour.com\/wp-content\/uploads\/2024\/03\/IMG_8728-850x850.jpeg 850w, https:\/\/atelier-akchour.com\/wp-content\/uploads\/2024\/03\/IMG_8728-75x75.jpeg 75w, https:\/\/atelier-akchour.com\/wp-content\/uploads\/2024\/03\/IMG_8728.jpeg 1080w\" sizes=\"auto, (max-width: 1024px) 100vw, 1024px\" \/><\/figure>\r\n\r\n\r\n\r\n<figure class=\"wp-block-image size-large\"><img loading=\"lazy\" decoding=\"async\" width=\"1024\" height=\"1024\" data-id=\"280\" class=\"wp-image-280\" src=\"https:\/\/atelier-akchour.com\/wp-content\/uploads\/2024\/03\/IMG_8726-1024x1024.jpeg\" alt=\"\" srcset=\"https:\/\/atelier-akchour.com\/wp-content\/uploads\/2024\/03\/IMG_8726-1024x1024.jpeg 1024w, https:\/\/atelier-akchour.com\/wp-content\/uploads\/2024\/03\/IMG_8726-300x300.jpeg 300w, https:\/\/atelier-akchour.com\/wp-content\/uploads\/2024\/03\/IMG_8726-150x150.jpeg 150w, https:\/\/atelier-akchour.com\/wp-content\/uploads\/2024\/03\/IMG_8726-768x768.jpeg 768w, https:\/\/atelier-akchour.com\/wp-content\/uploads\/2024\/03\/IMG_8726-850x850.jpeg 850w, https:\/\/atelier-akchour.com\/wp-content\/uploads\/2024\/03\/IMG_8726-75x75.jpeg 75w, https:\/\/atelier-akchour.com\/wp-content\/uploads\/2024\/03\/IMG_8726.jpeg 1080w\" sizes=\"auto, (max-width: 1024px) 100vw, 1024px\" \/><\/figure>\r\n\r\n\r\n\r\n<figure class=\"wp-block-image size-large\"><img loading=\"lazy\" decoding=\"async\" width=\"1024\" height=\"683\" data-id=\"283\" class=\"wp-image-283\" src=\"https:\/\/atelier-akchour.com\/wp-content\/uploads\/2024\/03\/Sparkling_1-klein-1024x683.jpeg\" alt=\"\" srcset=\"https:\/\/atelier-akchour.com\/wp-content\/uploads\/2024\/03\/Sparkling_1-klein-1024x683.jpeg 1024w, https:\/\/atelier-akchour.com\/wp-content\/uploads\/2024\/03\/Sparkling_1-klein-300x200.jpeg 300w, https:\/\/atelier-akchour.com\/wp-content\/uploads\/2024\/03\/Sparkling_1-klein-768x512.jpeg 768w, https:\/\/atelier-akchour.com\/wp-content\/uploads\/2024\/03\/Sparkling_1-klein-1536x1024.jpeg 1536w, https:\/\/atelier-akchour.com\/wp-content\/uploads\/2024\/03\/Sparkling_1-klein-850x567.jpeg 850w, https:\/\/atelier-akchour.com\/wp-content\/uploads\/2024\/03\/Sparkling_1-klein.jpeg 2048w\" sizes=\"auto, (max-width: 1024px) 100vw, 1024px\" \/><\/figure>\r\n<\/figure>\r\n\r\n\r\n<hr class=\"wp-block-separator has-alpha-channel-opacity\" \/>\r\n\r\n\r\n<p>Zur\u00fcck zum <strong><a href=\"https:\/\/atelier-akchour.com\/willkommen\/willkommen\/portfolio\/\">Portfolio<\/a><\/strong><\/p>\r\n\r\n\r\n\r\n\r\n\r\n\r\n\r\n\r\n","protected":false},"excerpt":{"rendered":"<p>An eurem gro\u00dfen Tag begleite ich euch gerne mit einer ausf\u00fchrlichen Hochzeitsreportage &#8211; vom Getting Ready bis zum Sparkling Exit mit Wunderkerzen. &nbsp; Ihr k\u00f6nnt mich aber auch f\u00fcr k\u00fcrzere [&hellip;]<\/p>\n","protected":false},"author":1,"featured_media":0,"parent":149,"menu_order":2,"comment_status":"closed","ping_status":"closed","template":"","meta":{"_monsterinsights_skip_tracking":false,"_monsterinsights_sitenote_active":false,"_monsterinsights_sitenote_note":"","_monsterinsights_sitenote_category":0,"_uf_show_specific_survey":0,"_uf_disable_surveys":false,"footnotes":""},"class_list":["post-302","page","type-page","status-publish","hentry"],"aioseo_notices":[],"_links":{"self":[{"href":"https:\/\/atelier-akchour.com\/willkommen\/wp-json\/wp\/v2\/pages\/302","targetHints":{"allow":["GET"]}}],"collection":[{"href":"https:\/\/atelier-akchour.com\/willkommen\/wp-json\/wp\/v2\/pages"}],"about":[{"href":"https:\/\/atelier-akchour.com\/willkommen\/wp-json\/wp\/v2\/types\/page"}],"author":[{"embeddable":true,"href":"https:\/\/atelier-akchour.com\/willkommen\/wp-json\/wp\/v2\/users\/1"}],"replies":[{"embeddable":true,"href":"https:\/\/atelier-akchour.com\/willkommen\/wp-json\/wp\/v2\/comments?post=302"}],"version-history":[{"count":22,"href":"https:\/\/atelier-akchour.com\/willkommen\/wp-json\/wp\/v2\/pages\/302\/revisions"}],"predecessor-version":[{"id":5003,"href":"https:\/\/atelier-akchour.com\/willkommen\/wp-json\/wp\/v2\/pages\/302\/revisions\/5003"}],"up":[{"embeddable":true,"href":"https:\/\/atelier-akchour.com\/willkommen\/wp-json\/wp\/v2\/pages\/149"}],"wp:attachment":[{"href":"https:\/\/atelier-akchour.com\/willkommen\/wp-json\/wp\/v2\/media?parent=302"}],"curies":[{"name":"wp","href":"https:\/\/api.w.org\/{rel}","templated":true}]}}